{"id":6537,"date":"2023-03-21T13:09:55","date_gmt":"2023-03-21T11:09:55","guid":{"rendered":"https:\/\/ngmotorteknik.com\/yhteydenotto\/"},"modified":"2023-09-27T22:28:33","modified_gmt":"2023-09-27T19:28:33","slug":"yhteydenotto","status":"publish","type":"page","link":"https:\/\/ngmotorteknik.com\/fi\/yhteydenotto\/","title":{"rendered":"Ota yhteytt\u00e4"},"content":{"rendered":"\t\t<div data-elementor-type=\"wp-page\" data-elementor-id=\"6537\" class=\"elementor elementor-6537 elementor-5933\">\n\t\t\t\t\t\t<section class=\"elementor-section elementor-top-section elementor-element elementor-element-bef61b5 px-gutter elementor-section-boxed elementor-section-height-default elementor-section-height-default\" data-id=\"bef61b5\" data-element_type=\"section\" data-e-type=\"section\" data-settings=\"{&quot;background_background&quot;:&quot;classic&quot;}\">\r\n\t\t\r\n\t\t\t\t\t\t\t<div class=\"elementor-container elementor-column-gap-default\">\r\n\t\t\t\t\t\t\t\t\t\t\t<div class=\"elementor-column elementor-col-50 elementor-top-column elementor-element elementor-element-ac68c1a pe-lg-4\" data-id=\"ac68c1a\" data-element_type=\"column\" data-e-type=\"column\">\r\n\t\t\t\t\t<div class=\"elementor-widget-wrap elementor-element-populated\">\r\n\t\t\t\t\t\t\t\t<div class=\"elementor-element elementor-element-d9a3619 mb-3 elementor-widget elementor-widget-heading\" data-id=\"d9a3619\" data-element_type=\"widget\" data-e-type=\"widget\" data-widget_type=\"heading.default\">\n\t\t\t\t<div class=\"elementor-widget-container\">\n\t\t\t\t\t<h2 class=\"elementor-heading-title elementor-size-default\">Keit\u00e4 <strong>me olemme<\/strong><\/h2>\t\t\t\t<\/div>\n\t\t\t\t<\/div>\n\t\t\t\t<div class=\"elementor-element elementor-element-678ba42 m-r-sm m-b elementor-widget elementor-widget-text-editor\" data-id=\"678ba42\" data-element_type=\"widget\" data-e-type=\"widget\" data-widget_type=\"text-editor.default\">\n\t\t\t\t<div class=\"elementor-widget-container\">\n\t\t\t\t\t\t\t\t\t<p>Me NG Motorteknikill\u00e4 olemme omistautunut moottoriharrastajien ja teknologia-asiantuntijoiden tiimi, joka suhtautuu intohimoisesti kaikkeen moottoriin liittyv\u00e4\u00e4n. Vankan asiantuntemuksemme ja kokemuksemme ansiosta pyrimme aina tarjoamaan asiakkaillemme erinomaisia tuotteita ja palveluja.<\/p>\n<p>Tarjoamme korkealaatuisia pesutuotteita kaikentyyppisille ajoneuvoille. Olitpa sitten ammattimainen ajoneuvoharrastaja, auton tai moottoripy\u00f6r\u00e4n omistaja tai jopa ammattikuljettaja, me autamme sinua pit\u00e4m\u00e4\u00e4n ajoneuvosi puhtaana ja siistin\u00e4.<\/p>\n\t\t\t\t\t\t\t\t<\/div>\n\t\t\t\t<\/div>\n\t\t\t\t\t<\/div>\r\n\t\t\t\t<\/div>\r\n\t\t\t\t<div class=\"elementor-column elementor-col-50 elementor-top-column elementor-element elementor-element-28ffcd2 mt-5 pt-5\" data-id=\"28ffcd2\" data-element_type=\"column\" data-e-type=\"column\">\r\n\t\t\t\t\t<div class=\"elementor-widget-wrap elementor-element-populated\">\r\n\t\t\t\t\t\t\t\t<div class=\"elementor-element elementor-element-4c30b00 elementor-widget__width-auto elementor-absolute elementor-invisible elementor-widget elementor-widget-image\" data-id=\"4c30b00\" data-element_type=\"widget\" data-e-type=\"widget\" data-settings=\"{&quot;_animation&quot;:&quot;zoomIn&quot;,&quot;_animation_delay&quot;:&quot;300&quot;,&quot;_position&quot;:&quot;absolute&quot;}\" data-widget_type=\"image.default\">\n\t\t\t\t<div class=\"elementor-widget-container\">\n\t\t\t\t\t\t\t\t\t\t\t\t\t\t\t<img decoding=\"async\" src=\"\/\/sw-themes.com\/porto_dummy\/wp-content\/uploads\/2022\/01\/generic-corporate-3-1.jpg\" title=\"\" alt=\"About Image\" loading=\"lazy\" \/>\t\t\t\t\t\t\t\t\t\t\t\t\t\t\t<\/div>\n\t\t\t\t<\/div>\n\t\t\t\t<div class=\"elementor-element elementor-element-ac59679 elementor-widget__width-auto elementor-absolute elementor-invisible elementor-widget elementor-widget-image\" data-id=\"ac59679\" data-element_type=\"widget\" data-e-type=\"widget\" data-settings=\"{&quot;_animation&quot;:&quot;zoomIn&quot;,&quot;_animation_delay&quot;:&quot;100&quot;,&quot;_position&quot;:&quot;absolute&quot;}\" data-widget_type=\"image.default\">\n\t\t\t\t<div class=\"elementor-widget-container\">\n\t\t\t\t\t\t\t\t\t\t\t\t\t\t\t<img decoding=\"async\" src=\"\/\/sw-themes.com\/porto_dummy\/wp-content\/uploads\/2022\/01\/generic-corporate-3-2.jpg\" title=\"\" alt=\"About Image\" loading=\"lazy\" \/>\t\t\t\t\t\t\t\t\t\t\t\t\t\t\t<\/div>\n\t\t\t\t<\/div>\n\t\t\t\t<div class=\"elementor-element elementor-element-69c2ff1 z-index-1 elementor-widget__width-inherit elementor-invisible elementor-widget elementor-widget-image\" data-id=\"69c2ff1\" data-element_type=\"widget\" data-e-type=\"widget\" data-settings=\"{&quot;_animation&quot;:&quot;zoomIn&quot;,&quot;_animation_delay&quot;:&quot;600&quot;}\" data-widget_type=\"image.default\">\n\t\t\t\t<div class=\"elementor-widget-container\">\n\t\t\t\t\t\t\t\t\t\t\t\t\t\t\t<img decoding=\"async\" src=\"\/\/sw-themes.com\/porto_dummy\/wp-content\/uploads\/2022\/01\/generic-corporate-3-3.jpg\" title=\"\" alt=\"About Image\" loading=\"lazy\" \/>\t\t\t\t\t\t\t\t\t\t\t\t\t\t\t<\/div>\n\t\t\t\t<\/div>\n\t\t\t\t\t<\/div>\r\n\t\t\t\t<\/div>\r\n\t\t\t\t\t<\/div>\r\n\t\t\t\t<\/section>\r\n\t\t\t\t<div class=\"elementor-section elementor-top-section elementor-element elementor-element-c84dd78 elementor-section-content-top elementor-section-boxed elementor-section-height-default elementor-section-height-default\" data-id=\"c84dd78\" data-element_type=\"section\" data-e-type=\"section\">\r\n\t\t\r\n\t\t\t\t\t\t\t<div class=\"elementor-container elementor-column-gap-default\">\r\n\t\t\t\t\t\t\t\t\t\t\t<div class=\"elementor-column elementor-col-50 elementor-top-column elementor-element elementor-element-f54c8ba\" data-id=\"f54c8ba\" data-element_type=\"column\" data-e-type=\"column\">\r\n\t\t\t\t\t<div class=\"elementor-widget-wrap elementor-element-populated\">\r\n\t\t\t\t\t\t\t\t<div class=\"elementor-section elementor-inner-section elementor-element elementor-element-6d10381 elementor-section-boxed elementor-section-height-default elementor-section-height-default\" data-id=\"6d10381\" data-element_type=\"section\" data-e-type=\"section\">\r\n\t\t\r\n\t\t\t\t\t\t\t<div class=\"elementor-container elementor-column-gap-default\">\r\n\t\t\t\t\t\t\t\t\t\t\t<div class=\"elementor-column elementor-col-50 elementor-inner-column elementor-element elementor-element-f44e031\" data-id=\"f44e031\" data-element_type=\"column\" data-e-type=\"column\">\r\n\t\t\t\t\t<div class=\"elementor-widget-wrap elementor-element-populated\">\r\n\t\t\t\t\t\t\t\t<div class=\"elementor-element elementor-element-50bf759 elementor-widget elementor-widget-porto_info_box\" data-id=\"50bf759\" data-element_type=\"widget\" data-e-type=\"widget\" data-widget_type=\"porto_info_box.default\">\n\t\t\t\t<div class=\"elementor-widget-container\">\n\t\t\t\t\t<div class=\"porto-sicon-box style_1 top-icon\"><div class=\"porto-sicon-top\"><div class=\"porto-just-icon-wrapper porto-icon none\" style=\"margin-bottom:17px;\"><i class=\"porto-icon-map-location\"><\/i><\/div><\/div><div class=\"porto-sicon-header\"><h3 class=\"porto-sicon-title\" style=\"\">Osoite<\/h3><\/div> <!-- header --><div class=\"porto-sicon-description\" style=\"\" ><p>Jepuantie 579<br>66840 Pensala<\/p><\/div> <!-- description --><\/div><!-- porto-sicon-box -->\t\t\t\t<\/div>\n\t\t\t\t<\/div>\n\t\t\t\t<div class=\"elementor-element elementor-element-bdf5f63 elementor-widget elementor-widget-porto_info_box\" data-id=\"bdf5f63\" data-element_type=\"widget\" data-e-type=\"widget\" data-widget_type=\"porto_info_box.default\">\n\t\t\t\t<div class=\"elementor-widget-container\">\n\t\t\t\t\t<div class=\"porto-sicon-box style_1 top-icon\"><div class=\"porto-sicon-top\"><div class=\"porto-just-icon-wrapper porto-icon none\" style=\"margin-bottom:17px;\"><i class=\"porto-icon-envelope\"><\/i><\/div><\/div><div class=\"porto-sicon-header\"><h3 class=\"porto-sicon-title\" style=\"\">S\u00e4hk\u00f6posti<\/h3><p ><a href=\"mailto:info@ngmotorteknik.com\" class=\" text-reset text-color-hover-primary opacity-5 font-weight-light mb-0\">info@ngmotorteknik.com<\/a><\/p><\/div> <!-- header --><\/div><!-- porto-sicon-box -->\t\t\t\t<\/div>\n\t\t\t\t<\/div>\n\t\t\t\t\t<\/div>\r\n\t\t\t\t<\/div>\r\n\t\t\t\t<div class=\"elementor-column elementor-col-50 elementor-inner-column elementor-element elementor-element-0a0751c\" data-id=\"0a0751c\" data-element_type=\"column\" data-e-type=\"column\">\r\n\t\t\t\t\t<div class=\"elementor-widget-wrap elementor-element-populated\">\r\n\t\t\t\t\t\t\t\t<div class=\"elementor-element elementor-element-5f97a1d elementor-widget elementor-widget-porto_info_box\" data-id=\"5f97a1d\" data-element_type=\"widget\" data-e-type=\"widget\" data-widget_type=\"porto_info_box.default\">\n\t\t\t\t<div class=\"elementor-widget-container\">\n\t\t\t\t\t<div class=\"porto-sicon-box style_1 top-icon\"><div class=\"porto-sicon-top\"><div class=\"porto-just-icon-wrapper porto-icon none\" style=\"margin-bottom:17px;\"><i class=\"porto-icon-tablet\"><\/i><\/div><\/div><div class=\"porto-sicon-header\"><h3 class=\"porto-sicon-title\" style=\"\">Puhelin<\/h3><p ><a href=\"tel:+358440994664\" class=\"text-reset text-color-hover-primary opacity-5 font-weight-light mb-0\">+358-44-0994664<\/a><\/p><\/div> <!-- header --><\/div><!-- porto-sicon-box -->\t\t\t\t<\/div>\n\t\t\t\t<\/div>\n\t\t\t\t<div class=\"elementor-element elementor-element-8a27e7b elementor-widget elementor-widget-porto_info_box\" data-id=\"8a27e7b\" data-element_type=\"widget\" data-e-type=\"widget\" data-widget_type=\"porto_info_box.default\">\n\t\t\t\t<div class=\"elementor-widget-container\">\n\t\t\t\t\t<div class=\"porto-sicon-box style_1 top-icon\"><div class=\"porto-sicon-top\"><div class=\"porto-just-icon-wrapper porto-icon none\" style=\"margin-bottom:17px;\"><i class=\"Simple-Line-Icons-calendar\"><\/i><\/div><\/div><div class=\"porto-sicon-header\"><h3 class=\"porto-sicon-title\" style=\"\">Aukiolo<\/h3><p >Verkkokauppa 24\/7<\/p><\/div> <!-- header --><div class=\"porto-sicon-description\" style=\"\" ><h6>Puhelin ma-pe 08-16<\/h6><\/div> <!-- description --><\/div><!-- porto-sicon-box -->\t\t\t\t<\/div>\n\t\t\t\t<\/div>\n\t\t\t\t\t<\/div>\r\n\t\t\t\t<\/div>\r\n\t\t\t\t\t<\/div>\r\n\t\t\t\t<\/div>\r\n\t\t\t\t\t<\/div>\r\n\t\t\t\t<\/div>\r\n\t\t\t\t<div class=\"elementor-column elementor-col-50 elementor-top-column elementor-element elementor-element-173d558\" data-id=\"173d558\" data-element_type=\"column\" data-e-type=\"column\">\r\n\t\t\t\t\t<div class=\"elementor-widget-wrap elementor-element-populated\">\r\n\t\t\t\t\t\t\t\t<div class=\"elementor-element elementor-element-1fa5a15 elementor-widget elementor-widget-shortcode\" data-id=\"1fa5a15\" data-element_type=\"widget\" data-e-type=\"widget\" data-widget_type=\"shortcode.default\">\n\t\t\t\t<div class=\"elementor-widget-container\">\n\t\t\t\t\t\t\t<div class=\"elementor-shortcode\">\n<div class=\"wpcf7 no-js\" id=\"wpcf7-f6541-o1\" lang=\"fi\" dir=\"ltr\" data-wpcf7-id=\"6541\">\n<div class=\"screen-reader-response\"><p role=\"status\" aria-live=\"polite\" aria-atomic=\"true\"><\/p> <ul><\/ul><\/div>\n<form action=\"\/fi\/wp-json\/wp\/v2\/pages\/6537#wpcf7-f6541-o1\" method=\"post\" class=\"wpcf7-form init\" aria-label=\"Yhteydenottolomake\" novalidate=\"novalidate\" data-status=\"init\">\n<fieldset class=\"hidden-fields-container\"><input type=\"hidden\" name=\"_wpcf7\" value=\"6541\" \/><input type=\"hidden\" name=\"_wpcf7_version\" value=\"6.1.5\" \/><input type=\"hidden\" name=\"_wpcf7_locale\" value=\"fi\" \/><input type=\"hidden\" name=\"_wpcf7_unit_tag\" value=\"wpcf7-f6541-o1\" \/><input type=\"hidden\" name=\"_wpcf7_container_post\" value=\"0\" \/><input type=\"hidden\" name=\"_wpcf7_posted_data_hash\" value=\"\" \/><input type=\"hidden\" name=\"_wpcf7_recaptcha_response\" value=\"\" \/>\n<\/fieldset>\n<div class=\"row\">\n    <div class=\"col-lg-6\">\n        <div class=\"form-group\">\n            <label for=\"contact-name\">Nimi *<\/label>\n            <span class=\"wpcf7-form-control-wrap\" data-name=\"your-name\"><input size=\"40\" maxlength=\"400\" class=\"wpcf7-form-control wpcf7-text wpcf7-validates-as-required form-control\" id=\"contact-name\" aria-required=\"true\" aria-invalid=\"false\" value=\"\" type=\"text\" name=\"your-name\" \/><\/span>\n        <\/div>\n    <\/div>\n    <div class=\"col-lg-6\">\n        <div class=\"form-group\">\n            <label for=\"contact-email\">S\u00e4hk\u00f6posti *<\/label>\n            <span class=\"wpcf7-form-control-wrap\" data-name=\"your-email\"><input size=\"40\" maxlength=\"400\" class=\"wpcf7-form-control wpcf7-email wpcf7-validates-as-required wpcf7-text wpcf7-validates-as-email form-control\" id=\"contact-email\" aria-required=\"true\" aria-invalid=\"false\" value=\"\" type=\"email\" name=\"your-email\" \/><\/span>\n        <\/div>\n    <\/div>\n    <div class=\"col-lg-12\">\n        <div class=\"form-group\">\n            <label for=\"contact-message\">Viesti<\/label>\n            <span class=\"wpcf7-form-control-wrap\" data-name=\"your-message\"><textarea cols=\"40\" rows=\"10\" maxlength=\"2000\" class=\"wpcf7-form-control wpcf7-textarea form-control\" id=\"contact-message\" aria-invalid=\"false\" name=\"your-message\"><\/textarea><\/span>\n        <\/div>\n    <\/div>\n    <div class=\"col-lg-12\">\n        <div class=\"form-group\">\n            <input class=\"wpcf7-form-control wpcf7-submit has-spinner btn btn-primary btn-lg\" type=\"submit\" value=\"L\u00e4het\u00e4\" \/>\n        <\/div>\n    <\/div>\n<\/div><div class=\"wpcf7-response-output\" aria-hidden=\"true\"><\/div>\n<\/form>\n<\/div>\n<\/div>\n\t\t\t\t\t\t<\/div>\n\t\t\t\t<\/div>\n\t\t\t\t\t<\/div>\r\n\t\t\t\t<\/div>\r\n\t\t\t\t\t<\/div>\r\n\t\t\t\t<\/div>\r\n\t\t\t\t<\/div>\n\t\t","protected":false},"excerpt":{"rendered":"<p>Keit\u00e4 me olemme Me NG Motorteknikill\u00e4 olemme omistautunut moottoriharrastajien ja teknologia-asiantuntijoiden tiimi, joka suhtautuu intohimoisesti kaikkeen moottoriin liittyv\u00e4\u00e4n. Vankan asiantuntemuksemme ja kokemuksemme ansiosta pyrimme aina tarjoamaan asiakkaillemme erinomaisia tuotteita ja palveluja. Tarjoamme korkealaatuisia pesutuotteita kaikentyyppisille ajoneuvoille. Olitpa sitten ammattimainen ajoneuvoharrastaja, auton tai moottoripy\u00f6r\u00e4n omistaja tai jopa ammattikuljettaja, me autamme sinua pit\u00e4m\u00e4\u00e4n ajoneuvosi puhtaana ja siistin\u00e4. [&hellip;]<\/p>\n","protected":false},"author":1,"featured_media":0,"parent":0,"menu_order":0,"comment_status":"closed","ping_status":"closed","template":"","meta":{"footnotes":""},"class_list":["post-6537","page","type-page","status-publish","hentry"],"yoast_head":"<!-- This site is optimized with the Yoast SEO plugin v27.3 - https:\/\/yoast.com\/product\/yoast-seo-wordpress\/ -->\n<title>Ota yhteytt\u00e4 - NG Motorteknik<\/title>\n<meta name=\"robots\" content=\"index, follow, max-snippet:-1, max-image-preview:large, max-video-preview:-1\" \/>\n<link rel=\"canonical\" href=\"https:\/\/ngmotorteknik.com\/fi\/yhteydenotto\/\" \/>\n<meta property=\"og:locale\" content=\"fi_FI\" \/>\n<meta property=\"og:type\" content=\"article\" \/>\n<meta property=\"og:title\" content=\"Ota yhteytt\u00e4 - NG Motorteknik\" \/>\n<meta property=\"og:description\" content=\"Keit\u00e4 me olemme Me NG Motorteknikill\u00e4 olemme omistautunut moottoriharrastajien ja teknologia-asiantuntijoiden tiimi, joka suhtautuu intohimoisesti kaikkeen moottoriin liittyv\u00e4\u00e4n. Vankan asiantuntemuksemme ja kokemuksemme ansiosta pyrimme aina tarjoamaan asiakkaillemme erinomaisia tuotteita ja palveluja. Tarjoamme korkealaatuisia pesutuotteita kaikentyyppisille ajoneuvoille. Olitpa sitten ammattimainen ajoneuvoharrastaja, auton tai moottoripy\u00f6r\u00e4n omistaja tai jopa ammattikuljettaja, me autamme sinua pit\u00e4m\u00e4\u00e4n ajoneuvosi puhtaana ja siistin\u00e4. [&hellip;]\" \/>\n<meta property=\"og:url\" content=\"https:\/\/ngmotorteknik.com\/fi\/yhteydenotto\/\" \/>\n<meta property=\"og:site_name\" content=\"NG Motorteknik\" \/>\n<meta property=\"article:publisher\" content=\"https:\/\/www.facebook.com\/profile.php?id=100057239568179\" \/>\n<meta property=\"article:modified_time\" content=\"2023-09-27T19:28:33+00:00\" \/>\n<meta name=\"twitter:card\" content=\"summary_large_image\" \/>\n<meta name=\"twitter:label1\" content=\"Arvioitu lukuaika\" \/>\n\t<meta name=\"twitter:data1\" content=\"2 minuuttia\" \/>\n<script type=\"application\/ld+json\" class=\"yoast-schema-graph\">{\"@context\":\"https:\\\/\\\/schema.org\",\"@graph\":[{\"@type\":\"WebPage\",\"@id\":\"https:\\\/\\\/ngmotorteknik.com\\\/fi\\\/yhteydenotto\\\/\",\"url\":\"https:\\\/\\\/ngmotorteknik.com\\\/fi\\\/yhteydenotto\\\/\",\"name\":\"Ota yhteytt\u00e4 - NG Motorteknik\",\"isPartOf\":{\"@id\":\"https:\\\/\\\/ngmotorteknik.com\\\/fi\\\/#website\"},\"datePublished\":\"2023-03-21T11:09:55+00:00\",\"dateModified\":\"2023-09-27T19:28:33+00:00\",\"breadcrumb\":{\"@id\":\"https:\\\/\\\/ngmotorteknik.com\\\/fi\\\/yhteydenotto\\\/#breadcrumb\"},\"inLanguage\":\"fi\",\"potentialAction\":[{\"@type\":\"ReadAction\",\"target\":[\"https:\\\/\\\/ngmotorteknik.com\\\/fi\\\/yhteydenotto\\\/\"]}]},{\"@type\":\"BreadcrumbList\",\"@id\":\"https:\\\/\\\/ngmotorteknik.com\\\/fi\\\/yhteydenotto\\\/#breadcrumb\",\"itemListElement\":[{\"@type\":\"ListItem\",\"position\":1,\"name\":\"Hem\",\"item\":\"https:\\\/\\\/ngmotorteknik.com\\\/fi\\\/\"},{\"@type\":\"ListItem\",\"position\":2,\"name\":\"Ota yhteytt\u00e4\"}]},{\"@type\":\"WebSite\",\"@id\":\"https:\\\/\\\/ngmotorteknik.com\\\/fi\\\/#website\",\"url\":\"https:\\\/\\\/ngmotorteknik.com\\\/fi\\\/\",\"name\":\"NG Motorteknik\",\"description\":\"\",\"publisher\":{\"@id\":\"https:\\\/\\\/ngmotorteknik.com\\\/fi\\\/#organization\"},\"potentialAction\":[{\"@type\":\"SearchAction\",\"target\":{\"@type\":\"EntryPoint\",\"urlTemplate\":\"https:\\\/\\\/ngmotorteknik.com\\\/fi\\\/?s={search_term_string}\"},\"query-input\":{\"@type\":\"PropertyValueSpecification\",\"valueRequired\":true,\"valueName\":\"search_term_string\"}}],\"inLanguage\":\"fi\"},{\"@type\":\"Organization\",\"@id\":\"https:\\\/\\\/ngmotorteknik.com\\\/fi\\\/#organization\",\"name\":\"NG Motorteknik\",\"url\":\"https:\\\/\\\/ngmotorteknik.com\\\/fi\\\/\",\"logo\":{\"@type\":\"ImageObject\",\"inLanguage\":\"fi\",\"@id\":\"https:\\\/\\\/ngmotorteknik.com\\\/fi\\\/#\\\/schema\\\/logo\\\/image\\\/\",\"url\":\"https:\\\/\\\/ngmotorteknik.com\\\/wp-content\\\/uploads\\\/2023\\\/09\\\/ngmotorteknik-icon.png\",\"contentUrl\":\"https:\\\/\\\/ngmotorteknik.com\\\/wp-content\\\/uploads\\\/2023\\\/09\\\/ngmotorteknik-icon.png\",\"width\":512,\"height\":512,\"caption\":\"NG Motorteknik\"},\"image\":{\"@id\":\"https:\\\/\\\/ngmotorteknik.com\\\/fi\\\/#\\\/schema\\\/logo\\\/image\\\/\"},\"sameAs\":[\"https:\\\/\\\/www.facebook.com\\\/profile.php?id=100057239568179\"]}]}<\/script>\n<!-- \/ Yoast SEO plugin. -->","yoast_head_json":{"title":"Ota yhteytt\u00e4 - NG Motorteknik","robots":{"index":"index","follow":"follow","max-snippet":"max-snippet:-1","max-image-preview":"max-image-preview:large","max-video-preview":"max-video-preview:-1"},"canonical":"https:\/\/ngmotorteknik.com\/fi\/yhteydenotto\/","og_locale":"fi_FI","og_type":"article","og_title":"Ota yhteytt\u00e4 - NG Motorteknik","og_description":"Keit\u00e4 me olemme Me NG Motorteknikill\u00e4 olemme omistautunut moottoriharrastajien ja teknologia-asiantuntijoiden tiimi, joka suhtautuu intohimoisesti kaikkeen moottoriin liittyv\u00e4\u00e4n. Vankan asiantuntemuksemme ja kokemuksemme ansiosta pyrimme aina tarjoamaan asiakkaillemme erinomaisia tuotteita ja palveluja. Tarjoamme korkealaatuisia pesutuotteita kaikentyyppisille ajoneuvoille. Olitpa sitten ammattimainen ajoneuvoharrastaja, auton tai moottoripy\u00f6r\u00e4n omistaja tai jopa ammattikuljettaja, me autamme sinua pit\u00e4m\u00e4\u00e4n ajoneuvosi puhtaana ja siistin\u00e4. [&hellip;]","og_url":"https:\/\/ngmotorteknik.com\/fi\/yhteydenotto\/","og_site_name":"NG Motorteknik","article_publisher":"https:\/\/www.facebook.com\/profile.php?id=100057239568179","article_modified_time":"2023-09-27T19:28:33+00:00","twitter_card":"summary_large_image","twitter_misc":{"Arvioitu lukuaika":"2 minuuttia"},"schema":{"@context":"https:\/\/schema.org","@graph":[{"@type":"WebPage","@id":"https:\/\/ngmotorteknik.com\/fi\/yhteydenotto\/","url":"https:\/\/ngmotorteknik.com\/fi\/yhteydenotto\/","name":"Ota yhteytt\u00e4 - NG Motorteknik","isPartOf":{"@id":"https:\/\/ngmotorteknik.com\/fi\/#website"},"datePublished":"2023-03-21T11:09:55+00:00","dateModified":"2023-09-27T19:28:33+00:00","breadcrumb":{"@id":"https:\/\/ngmotorteknik.com\/fi\/yhteydenotto\/#breadcrumb"},"inLanguage":"fi","potentialAction":[{"@type":"ReadAction","target":["https:\/\/ngmotorteknik.com\/fi\/yhteydenotto\/"]}]},{"@type":"BreadcrumbList","@id":"https:\/\/ngmotorteknik.com\/fi\/yhteydenotto\/#breadcrumb","itemListElement":[{"@type":"ListItem","position":1,"name":"Hem","item":"https:\/\/ngmotorteknik.com\/fi\/"},{"@type":"ListItem","position":2,"name":"Ota yhteytt\u00e4"}]},{"@type":"WebSite","@id":"https:\/\/ngmotorteknik.com\/fi\/#website","url":"https:\/\/ngmotorteknik.com\/fi\/","name":"NG Motorteknik","description":"","publisher":{"@id":"https:\/\/ngmotorteknik.com\/fi\/#organization"},"potentialAction":[{"@type":"SearchAction","target":{"@type":"EntryPoint","urlTemplate":"https:\/\/ngmotorteknik.com\/fi\/?s={search_term_string}"},"query-input":{"@type":"PropertyValueSpecification","valueRequired":true,"valueName":"search_term_string"}}],"inLanguage":"fi"},{"@type":"Organization","@id":"https:\/\/ngmotorteknik.com\/fi\/#organization","name":"NG Motorteknik","url":"https:\/\/ngmotorteknik.com\/fi\/","logo":{"@type":"ImageObject","inLanguage":"fi","@id":"https:\/\/ngmotorteknik.com\/fi\/#\/schema\/logo\/image\/","url":"https:\/\/ngmotorteknik.com\/wp-content\/uploads\/2023\/09\/ngmotorteknik-icon.png","contentUrl":"https:\/\/ngmotorteknik.com\/wp-content\/uploads\/2023\/09\/ngmotorteknik-icon.png","width":512,"height":512,"caption":"NG Motorteknik"},"image":{"@id":"https:\/\/ngmotorteknik.com\/fi\/#\/schema\/logo\/image\/"},"sameAs":["https:\/\/www.facebook.com\/profile.php?id=100057239568179"]}]}},"_links":{"self":[{"href":"https:\/\/ngmotorteknik.com\/fi\/wp-json\/wp\/v2\/pages\/6537","targetHints":{"allow":["GET"]}}],"collection":[{"href":"https:\/\/ngmotorteknik.com\/fi\/wp-json\/wp\/v2\/pages"}],"about":[{"href":"https:\/\/ngmotorteknik.com\/fi\/wp-json\/wp\/v2\/types\/page"}],"author":[{"embeddable":true,"href":"https:\/\/ngmotorteknik.com\/fi\/wp-json\/wp\/v2\/users\/1"}],"replies":[{"embeddable":true,"href":"https:\/\/ngmotorteknik.com\/fi\/wp-json\/wp\/v2\/comments?post=6537"}],"version-history":[{"count":9,"href":"https:\/\/ngmotorteknik.com\/fi\/wp-json\/wp\/v2\/pages\/6537\/revisions"}],"predecessor-version":[{"id":6589,"href":"https:\/\/ngmotorteknik.com\/fi\/wp-json\/wp\/v2\/pages\/6537\/revisions\/6589"}],"wp:attachment":[{"href":"https:\/\/ngmotorteknik.com\/fi\/wp-json\/wp\/v2\/media?parent=6537"}],"curies":[{"name":"wp","href":"https:\/\/api.w.org\/{rel}","templated":true}]}}