{"id":6547,"date":"2023-03-27T22:46:51","date_gmt":"2023-03-27T19:46:51","guid":{"rendered":"https:\/\/ngmotorteknik.com\/evasteet\/"},"modified":"2023-09-25T22:15:15","modified_gmt":"2023-09-25T19:15:15","slug":"evasteet","status":"publish","type":"page","link":"https:\/\/ngmotorteknik.com\/fi\/evasteet\/","title":{"rendered":"Ev\u00e4steet"},"content":{"rendered":"\t\t<div data-elementor-type=\"wp-page\" data-elementor-id=\"6547\" class=\"elementor elementor-6547 elementor-6112\">\n\t\t\t\t\t\t<section class=\"elementor-section elementor-top-section elementor-element elementor-element-f6c13cc elementor-section-boxed elementor-section-height-default elementor-section-height-default\" data-id=\"f6c13cc\" data-element_type=\"section\" data-e-type=\"section\">\r\n\t\t\r\n\t\t\t\t\t\t\t<div class=\"elementor-container elementor-column-gap-default\">\r\n\t\t\t\t\t\t\t\t\t\t\t<div class=\"elementor-column elementor-col-100 elementor-top-column elementor-element elementor-element-b36f9a2\" data-id=\"b36f9a2\" data-element_type=\"column\" data-e-type=\"column\">\r\n\t\t\t\t\t<div class=\"elementor-widget-wrap elementor-element-populated\">\r\n\t\t\t\t\t\t\t\t<div class=\"elementor-element elementor-element-b10d541 elementor-widget elementor-widget-porto_ultimate_heading\" data-id=\"b10d541\" data-element_type=\"widget\" data-e-type=\"widget\" data-widget_type=\"porto_ultimate_heading.default\">\n\t\t\t\t<div class=\"elementor-widget-container\">\n\t\t\t\t\t<div class=\"porto-u-heading  porto-u-55ca8359258f9a412be7e73af65d2aac\"><div class=\"porto-u-main-heading\"><h2   >Ev\u00e4steet<\/h2><\/div><style>.porto-u-55ca8359258f9a412be7e73af65d2aac.porto-u-heading{text-align:center}<\/style><\/div>\t\t\t\t<\/div>\n\t\t\t\t<\/div>\n\t\t\t\t<div class=\"elementor-element elementor-element-4f6ac06 elementor-widget elementor-widget-text-editor\" data-id=\"4f6ac06\" data-element_type=\"widget\" data-e-type=\"widget\" data-widget_type=\"text-editor.default\">\n\t\t\t\t<div class=\"elementor-widget-container\">\n\t\t\t\t\t\t\t\t\t<p>NG Motorteknik Ab, FO nr 123123123, (&#8221;Me&#8221;) k\u00e4yt\u00e4mme ev\u00e4steit\u00e4, verkkomajakoita, iFrameja ja vastaavia tekniikoita (yhteisesti &#8221;ev\u00e4steet&#8221;) parantaaksemme k\u00e4ytt\u00f6kokemustasi kanssamme. K\u00e4yt\u00e4mme ev\u00e4steit\u00e4 verkkosivustollamme ngmotorteknik.com ja verkkopalveluissamme. T\u00e4ss\u00e4 selit\u00e4mme, miten k\u00e4yt\u00e4mme ev\u00e4steit\u00e4 ja mit\u00e4 valintoja voit tehd\u00e4 ev\u00e4steidemme suhteen.<\/p>\n<h3>Mit\u00e4 ev\u00e4steet ovat?<\/h3>\n<p>Ev\u00e4steet ovat pieni\u00e4 tekstitiedostoja, jotka koostuvat kirjaimista ja numeroista. N\u00e4m\u00e4 l\u00e4hetet\u00e4\u00e4n NG Motorteknikin tai yhteisty\u00f6kumppaniemme verkkopalvelimilta ja tallennetaan laitteeseesi alla kuvatulla tavalla. K\u00e4yt\u00e4mme erilaisia ev\u00e4steit\u00e4:<\/p>\n<ul>\n<li><strong>Istuntoev\u00e4steet<\/strong>&nbsp;on v\u00e4liaikainen ev\u00e4ste, joka p\u00e4\u00e4ttyy, kun suljet selaimen tai sovelluksen.<\/li>\n<li><strong>Pysyv\u00e4t ev\u00e4steet<\/strong>&nbsp;ovat ev\u00e4steit\u00e4, jotka pysyv\u00e4t tietokoneellasi, kunnes poistat ne tai niiden voimassaolo p\u00e4\u00e4ttyy.<\/li>\n<li><strong>Ensimm\u00e4isen osapuolen<\/strong> ev\u00e4steet&nbsp;ovat verkkosivuston asettamia ev\u00e4steit\u00e4.<\/li>\n<li><strong>Kolmannen osapuolen<\/strong> ev\u00e4steet&nbsp;ovat kolmannen osapuolen sivuston asettamia ev\u00e4steit\u00e4.<\/li>\n<li><strong>Verkkomajakat ja pikselit<\/strong>&nbsp;ovat pieni\u00e4 l\u00e4pin\u00e4kyvi\u00e4 graafisia kuvia, joita voi esiinty\u00e4 sinulle l\u00e4hett\u00e4miss\u00e4mme s\u00e4hk\u00f6posteissa ja verkkosivuston kuvissa.<\/li>\n<li><strong>iFrames<\/strong>&nbsp;on ikkuna muille kolmansien osapuolten tarjoajien verkkosivustoille.<\/li>\n<li><strong>Samankaltaiset tekniikat<\/strong>&nbsp;ovat tekniikoita, jotka tallentavat tietoja selaimeesi tai laitteeseesi ev\u00e4steiden ja verkkomajakoiden kaltaisella tavalla.<\/li>\n<li><strong>LocalStorage<\/strong>&nbsp;ja&nbsp;<strong>SessionStorage<\/strong>&nbsp;toimivat kuten pysyv\u00e4t ev\u00e4steet ja istuntoev\u00e4steet, mutta ne tallennetaan paikallisesti, eik\u00e4 palvelin voi lukea niit\u00e4.<\/li>\n<\/ul>\n<h3>Miksi k\u00e4yt\u00e4mme ev\u00e4steit\u00e4?<\/h3>\n<p>K\u00e4yt\u00e4mme&nbsp;<strong>istuntoev\u00e4steet<\/strong>&nbsp;ja&nbsp;<strong>pysyv\u00e4t ev\u00e4steet<\/strong>&nbsp;, kun vierailet verkkosivustolla. Jotta verkkosivusto toimisi, se sijoittaa automaattisesti tarvittavat v\u00e4ltt\u00e4m\u00e4tt\u00f6m\u00e4t ev\u00e4steet vierailusi aikana k\u00e4ytt\u00e4m\u00e4\u00e4si laitteeseen. Ev\u00e4steet sijoitetaan esimerkiksi siksi, ett\u00e4 laitteesi IP-osoite ja siten my\u00f6s selaimesi voidaan tunnistaa, kun vierailet sivustolla seuraavan kerran. V\u00e4ltt\u00e4m\u00e4tt\u00f6m\u00e4t ev\u00e4steet ovat ehdottoman v\u00e4ltt\u00e4m\u00e4tt\u00f6mi\u00e4 peruspalvelujemme tarjoamiseksi, kuten esimerkiksi seuraavat maksuvaihtoehtojamme tai asiakasportaaliamme. Palvelumme eiv\u00e4t toimisi ilman n\u00e4it\u00e4 ev\u00e4steit\u00e4.<\/p>\n<p>K\u00e4yt\u00e4mme my\u00f6s muuntyyppisi\u00e4 ev\u00e4steit\u00e4 muihin tarkoituksiin, kuten alla on kuvattu. K\u00e4ytett\u00e4vien ev\u00e4steiden tarkoituksena on parantaa sinulle tarjoamiamme palveluja, ja ne voivat sis\u00e4lt\u00e4\u00e4 sek\u00e4 ensimm\u00e4isen osapuolen ett\u00e4 kolmannen osapuolen ev\u00e4steit\u00e4. K\u00e4ytettyjen ev\u00e4steiden p\u00e4\u00e4tarkoituksena on parantaa palvelujen ja tuotteiden toimivuutta ja toimittamista tai kohdentaa sinulle sopivia mainoksia. Luokittelemme ev\u00e4steemme ja niiden k\u00e4yt\u00f6n seuraavasti:<\/p>\n<p><strong>Turvallisuusev\u00e4steet<\/strong>&nbsp;tekev\u00e4t palveluistamme ja tiedoistasi turvallisia auttamalla meit\u00e4 havaitsemaan petokset ja suojaamaan tietojasi. Koska t\u00e4m\u00e4 on olennainen osa palveluitamme, n\u00e4m\u00e4 ev\u00e4steet ovat v\u00e4ltt\u00e4m\u00e4tt\u00f6mi\u00e4.<\/p>\n<p><strong>Analyysiev\u00e4steet<\/strong>&nbsp;tarjoavat yleist\u00e4 analyyttist\u00e4 tietoa palveluidemme k\u00e4yt\u00f6st\u00e4si.<\/p>\n<p><strong>Toiminnalliset ev\u00e4steet<\/strong>&nbsp;mahdollistavat asetusten tallentamisen, kuten kielivalinnan tai sen, haluatko esit\u00e4ytt\u00e4\u00e4 tietosi vai et. Ilman t\u00e4m\u00e4ntyyppisi\u00e4 ev\u00e4steit\u00e4 emme pystyisi r\u00e4\u00e4t\u00e4l\u00f6im\u00e4\u00e4n palveluitamme tarpeittesi mukaan.<\/p>\n<p><strong>Mainosev\u00e4steet<\/strong>&nbsp;antavat meille mahdollisuuden kohdentaa sinulle merkityksellist\u00e4 markkinointia.<\/p>\n<p><strong>iFramesia<\/strong>&nbsp;k\u00e4ytet\u00e4\u00e4n, jotta voit esimerkiksi maksaa verkkosivustolla Klarnan kautta. Emme voi valvoa n\u00e4iden ikkunoiden sis\u00e4lt\u00f6\u00e4, sill\u00e4 ne ovat portaaleja kyseisen palveluntarjoajan verkkosivustolle. Viittaamme sitten kyseisen kolmannen osapuolen palveluntarjoajan tietosuojak\u00e4yt\u00e4nt\u00f6\u00f6n.<\/p>\n<p><strong>Verkkomajakoita ja pikseleit\u00e4<\/strong>&nbsp;k\u00e4yt\u00e4mme Facebook Pixelin ja Google Analyticsin avulla seurataksemme l\u00e4hetettyjen s\u00e4hk\u00f6postiviestien ja verkkosivuston tiettyjen alueiden klikkauksia. T\u00e4m\u00e4 tarkoittaa, ett\u00e4 voimme n\u00e4hd\u00e4 k\u00e4ytt\u00e4ytymismalleja ja mukauttaa markkinointiamme niiden mukaisesti.<\/p>\n<p><strong>LocalStorage ja SessionStorage<\/strong>&nbsp;ovat tallennusv\u00e4lineit\u00e4, joita k\u00e4yt\u00e4mme tietojen tallentamiseen laitteellesi ilman yhteydenottoa palvelimellemme, jotta muistaisimme, mink\u00e4 auton rekisterinumeron kirjoitit edellisell\u00e4 kerralla.<\/p>\n<p>Voimme jakaa ja siirt\u00e4\u00e4 henkil\u00f6tietoja ja muita tietoja palveluntarjoajille. Huomaa, ett\u00e4 emme jaa, k\u00e4sittele tai siirr\u00e4 arkaluonteisia henkil\u00f6tietoja.<\/p>\n<h3>Suostumus ev\u00e4steisiin<\/h3>\n<p>V\u00e4ltt\u00e4m\u00e4tt\u00f6m\u00e4t ev\u00e4steet asetetaan, kun vierailet sivustolla ngmotorteknik.com, jotta sivusto toimisi. Muita ev\u00e4steit\u00e4, jotka eiv\u00e4t ole ehdottoman v\u00e4ltt\u00e4m\u00e4tt\u00f6mi\u00e4 verkkosivuston toiminnan kannalta, k\u00e4ytet\u00e4\u00e4n vain, jos olet antanut siihen suostumuksesi. N\u00e4m\u00e4 ev\u00e4steet auttavat meit\u00e4 kehitt\u00e4m\u00e4\u00e4n verkkosivustoa ja tarjoamaan sinulle asianmukaista tietoa.<\/p>\n<p>Sallimalla ev\u00e4steiden k\u00e4yt\u00f6n verkkosivustolla annat suostumuksesi siihen, ett\u00e4 k\u00e4sittelemme ev\u00e4steit\u00e4 t\u00e4ss\u00e4 k\u00e4yt\u00e4nn\u00f6ss\u00e4mme kuvatulla tavalla ja s\u00e4hk\u00f6ist\u00e4 viestint\u00e4\u00e4 koskevan lain mukaisesti. Lis\u00e4ksi vahvistat, ett\u00e4 olet lukenut tietosuojak\u00e4yt\u00e4nt\u00f6mme ja ett\u00e4 olet saanut tietoa ev\u00e4steiden ja muiden vastaavien tallennustekniikoiden avulla ker\u00e4\u00e4miemme henkil\u00f6tietojen k\u00e4sittelyst\u00e4.<\/p>\n<h3>Henkil\u00f6tietojen k\u00e4sittely<\/h3>\n<p>Jotkin ev\u00e4steet ker\u00e4\u00e4v\u00e4t henkil\u00f6tietojasi. Lis\u00e4tietoja siit\u00e4, miten k\u00e4sittelemme ev\u00e4steiden ja muiden vastaavien tekniikoiden avulla ker\u00e4ttyj\u00e4 henkil\u00f6tietojasi, on tietosuojaselosteessamme.<\/p>\n<h3>Miten voit tarkistaa ev\u00e4steiden k\u00e4yt\u00f6n<\/h3>\n<p>Jos et halua hyv\u00e4ksy\u00e4 ev\u00e4steiden k\u00e4ytt\u00f6\u00e4, voit poistaa ev\u00e4steet k\u00e4yt\u00f6st\u00e4 selaimesi suojausasetuksista. Selaimesi tai laitteesi mahdollistaa yleens\u00e4 ev\u00e4steiden k\u00e4ytt\u00f6\u00e4 ja laajuutta koskevien asetusten muuttamisen. Lis\u00e4tietoja ev\u00e4steasetusten s\u00e4\u00e4t\u00e4misest\u00e4 saat selaimesi tai laitteesi asetuksista. Voit esimerkiksi est\u00e4\u00e4 kaikki ev\u00e4steet, hyv\u00e4ksy\u00e4 vain ensimm\u00e4isen osapuolen ev\u00e4steet tai poistaa ev\u00e4steet, kun suljet selaimen. Huomaa, ett\u00e4 jotkin palvelumme eiv\u00e4t ehk\u00e4 toimi, jos est\u00e4t tai poistat ev\u00e4steet.<\/p>\n<h3>Muutokset ev\u00e4stek\u00e4yt\u00e4nt\u00f6\u00f6n<\/h3>\n<p>Pid\u00e4t\u00e4mme oikeuden tehd\u00e4 muutoksia t\u00e4h\u00e4n ev\u00e4stek\u00e4yt\u00e4nt\u00f6\u00f6n milloin tahansa. Verkkosivustolla vierailusi ajankohtana julkaistu ev\u00e4stek\u00e4yt\u00e4nt\u00f6 on voimassa.<\/p>\t\t\t\t\t\t\t\t<\/div>\n\t\t\t\t<\/div>\n\t\t\t\t\t<\/div>\r\n\t\t\t\t<\/div>\r\n\t\t\t\t\t<\/div>\r\n\t\t\t\t<\/section>\r\n\t\t\t\t<\/div>\n\t\t","protected":false},"excerpt":{"rendered":"<p>Ev\u00e4steet NG Motorteknik Ab, FO nr 123123123, (&#8221;Me&#8221;) k\u00e4yt\u00e4mme ev\u00e4steit\u00e4, verkkomajakoita, iFrameja ja vastaavia tekniikoita (yhteisesti &#8221;ev\u00e4steet&#8221;) parantaaksemme k\u00e4ytt\u00f6kokemustasi kanssamme. K\u00e4yt\u00e4mme ev\u00e4steit\u00e4 verkkosivustollamme ngmotorteknik.com ja verkkopalveluissamme. T\u00e4ss\u00e4 selit\u00e4mme, miten k\u00e4yt\u00e4mme ev\u00e4steit\u00e4 ja mit\u00e4 valintoja voit tehd\u00e4 ev\u00e4steidemme suhteen. Mit\u00e4 ev\u00e4steet ovat? Ev\u00e4steet ovat pieni\u00e4 tekstitiedostoja, jotka koostuvat kirjaimista ja numeroista. N\u00e4m\u00e4 l\u00e4hetet\u00e4\u00e4n NG Motorteknikin tai [&hellip;]<\/p>\n","protected":false},"author":1,"featured_media":0,"parent":0,"menu_order":0,"comment_status":"closed","ping_status":"closed","template":"","meta":{"footnotes":""},"class_list":["post-6547","page","type-page","status-publish","hentry"],"yoast_head":"<!-- This site is optimized with the Yoast SEO plugin v27.3 - https:\/\/yoast.com\/product\/yoast-seo-wordpress\/ -->\n<title>Ev\u00e4steet - NG Motorteknik<\/title>\n<meta name=\"robots\" content=\"index, follow, max-snippet:-1, max-image-preview:large, max-video-preview:-1\" \/>\n<link rel=\"canonical\" href=\"https:\/\/ngmotorteknik.com\/fi\/evasteet\/\" \/>\n<meta property=\"og:locale\" content=\"fi_FI\" \/>\n<meta property=\"og:type\" content=\"article\" \/>\n<meta property=\"og:title\" content=\"Ev\u00e4steet - NG Motorteknik\" \/>\n<meta property=\"og:description\" content=\"Ev\u00e4steet NG Motorteknik Ab, FO nr 123123123, (&#8221;Me&#8221;) k\u00e4yt\u00e4mme ev\u00e4steit\u00e4, verkkomajakoita, iFrameja ja vastaavia tekniikoita (yhteisesti &#8221;ev\u00e4steet&#8221;) parantaaksemme k\u00e4ytt\u00f6kokemustasi kanssamme. K\u00e4yt\u00e4mme ev\u00e4steit\u00e4 verkkosivustollamme ngmotorteknik.com ja verkkopalveluissamme. T\u00e4ss\u00e4 selit\u00e4mme, miten k\u00e4yt\u00e4mme ev\u00e4steit\u00e4 ja mit\u00e4 valintoja voit tehd\u00e4 ev\u00e4steidemme suhteen. Mit\u00e4 ev\u00e4steet ovat? Ev\u00e4steet ovat pieni\u00e4 tekstitiedostoja, jotka koostuvat kirjaimista ja numeroista. N\u00e4m\u00e4 l\u00e4hetet\u00e4\u00e4n NG Motorteknikin tai [&hellip;]\" \/>\n<meta property=\"og:url\" content=\"https:\/\/ngmotorteknik.com\/fi\/evasteet\/\" \/>\n<meta property=\"og:site_name\" content=\"NG Motorteknik\" \/>\n<meta property=\"article:publisher\" content=\"https:\/\/www.facebook.com\/profile.php?id=100057239568179\" \/>\n<meta property=\"article:modified_time\" content=\"2023-09-25T19:15:15+00:00\" \/>\n<meta name=\"twitter:card\" content=\"summary_large_image\" \/>\n<meta name=\"twitter:label1\" content=\"Arvioitu lukuaika\" \/>\n\t<meta name=\"twitter:data1\" content=\"4 minuuttia\" \/>\n<script type=\"application\/ld+json\" class=\"yoast-schema-graph\">{\"@context\":\"https:\\\/\\\/schema.org\",\"@graph\":[{\"@type\":\"WebPage\",\"@id\":\"https:\\\/\\\/ngmotorteknik.com\\\/fi\\\/evasteet\\\/\",\"url\":\"https:\\\/\\\/ngmotorteknik.com\\\/fi\\\/evasteet\\\/\",\"name\":\"Ev\u00e4steet - NG Motorteknik\",\"isPartOf\":{\"@id\":\"https:\\\/\\\/ngmotorteknik.com\\\/fi\\\/#website\"},\"datePublished\":\"2023-03-27T19:46:51+00:00\",\"dateModified\":\"2023-09-25T19:15:15+00:00\",\"breadcrumb\":{\"@id\":\"https:\\\/\\\/ngmotorteknik.com\\\/fi\\\/evasteet\\\/#breadcrumb\"},\"inLanguage\":\"fi\",\"potentialAction\":[{\"@type\":\"ReadAction\",\"target\":[\"https:\\\/\\\/ngmotorteknik.com\\\/fi\\\/evasteet\\\/\"]}]},{\"@type\":\"BreadcrumbList\",\"@id\":\"https:\\\/\\\/ngmotorteknik.com\\\/fi\\\/evasteet\\\/#breadcrumb\",\"itemListElement\":[{\"@type\":\"ListItem\",\"position\":1,\"name\":\"Hem\",\"item\":\"https:\\\/\\\/ngmotorteknik.com\\\/fi\\\/\"},{\"@type\":\"ListItem\",\"position\":2,\"name\":\"Ev\u00e4steet\"}]},{\"@type\":\"WebSite\",\"@id\":\"https:\\\/\\\/ngmotorteknik.com\\\/fi\\\/#website\",\"url\":\"https:\\\/\\\/ngmotorteknik.com\\\/fi\\\/\",\"name\":\"NG Motorteknik\",\"description\":\"\",\"publisher\":{\"@id\":\"https:\\\/\\\/ngmotorteknik.com\\\/fi\\\/#organization\"},\"potentialAction\":[{\"@type\":\"SearchAction\",\"target\":{\"@type\":\"EntryPoint\",\"urlTemplate\":\"https:\\\/\\\/ngmotorteknik.com\\\/fi\\\/?s={search_term_string}\"},\"query-input\":{\"@type\":\"PropertyValueSpecification\",\"valueRequired\":true,\"valueName\":\"search_term_string\"}}],\"inLanguage\":\"fi\"},{\"@type\":\"Organization\",\"@id\":\"https:\\\/\\\/ngmotorteknik.com\\\/fi\\\/#organization\",\"name\":\"NG Motorteknik\",\"url\":\"https:\\\/\\\/ngmotorteknik.com\\\/fi\\\/\",\"logo\":{\"@type\":\"ImageObject\",\"inLanguage\":\"fi\",\"@id\":\"https:\\\/\\\/ngmotorteknik.com\\\/fi\\\/#\\\/schema\\\/logo\\\/image\\\/\",\"url\":\"https:\\\/\\\/ngmotorteknik.com\\\/wp-content\\\/uploads\\\/2023\\\/09\\\/ngmotorteknik-icon.png\",\"contentUrl\":\"https:\\\/\\\/ngmotorteknik.com\\\/wp-content\\\/uploads\\\/2023\\\/09\\\/ngmotorteknik-icon.png\",\"width\":512,\"height\":512,\"caption\":\"NG Motorteknik\"},\"image\":{\"@id\":\"https:\\\/\\\/ngmotorteknik.com\\\/fi\\\/#\\\/schema\\\/logo\\\/image\\\/\"},\"sameAs\":[\"https:\\\/\\\/www.facebook.com\\\/profile.php?id=100057239568179\"]}]}<\/script>\n<!-- \/ Yoast SEO plugin. -->","yoast_head_json":{"title":"Ev\u00e4steet - NG Motorteknik","robots":{"index":"index","follow":"follow","max-snippet":"max-snippet:-1","max-image-preview":"max-image-preview:large","max-video-preview":"max-video-preview:-1"},"canonical":"https:\/\/ngmotorteknik.com\/fi\/evasteet\/","og_locale":"fi_FI","og_type":"article","og_title":"Ev\u00e4steet - NG Motorteknik","og_description":"Ev\u00e4steet NG Motorteknik Ab, FO nr 123123123, (&#8221;Me&#8221;) k\u00e4yt\u00e4mme ev\u00e4steit\u00e4, verkkomajakoita, iFrameja ja vastaavia tekniikoita (yhteisesti &#8221;ev\u00e4steet&#8221;) parantaaksemme k\u00e4ytt\u00f6kokemustasi kanssamme. K\u00e4yt\u00e4mme ev\u00e4steit\u00e4 verkkosivustollamme ngmotorteknik.com ja verkkopalveluissamme. T\u00e4ss\u00e4 selit\u00e4mme, miten k\u00e4yt\u00e4mme ev\u00e4steit\u00e4 ja mit\u00e4 valintoja voit tehd\u00e4 ev\u00e4steidemme suhteen. Mit\u00e4 ev\u00e4steet ovat? Ev\u00e4steet ovat pieni\u00e4 tekstitiedostoja, jotka koostuvat kirjaimista ja numeroista. N\u00e4m\u00e4 l\u00e4hetet\u00e4\u00e4n NG Motorteknikin tai [&hellip;]","og_url":"https:\/\/ngmotorteknik.com\/fi\/evasteet\/","og_site_name":"NG Motorteknik","article_publisher":"https:\/\/www.facebook.com\/profile.php?id=100057239568179","article_modified_time":"2023-09-25T19:15:15+00:00","twitter_card":"summary_large_image","twitter_misc":{"Arvioitu lukuaika":"4 minuuttia"},"schema":{"@context":"https:\/\/schema.org","@graph":[{"@type":"WebPage","@id":"https:\/\/ngmotorteknik.com\/fi\/evasteet\/","url":"https:\/\/ngmotorteknik.com\/fi\/evasteet\/","name":"Ev\u00e4steet - NG Motorteknik","isPartOf":{"@id":"https:\/\/ngmotorteknik.com\/fi\/#website"},"datePublished":"2023-03-27T19:46:51+00:00","dateModified":"2023-09-25T19:15:15+00:00","breadcrumb":{"@id":"https:\/\/ngmotorteknik.com\/fi\/evasteet\/#breadcrumb"},"inLanguage":"fi","potentialAction":[{"@type":"ReadAction","target":["https:\/\/ngmotorteknik.com\/fi\/evasteet\/"]}]},{"@type":"BreadcrumbList","@id":"https:\/\/ngmotorteknik.com\/fi\/evasteet\/#breadcrumb","itemListElement":[{"@type":"ListItem","position":1,"name":"Hem","item":"https:\/\/ngmotorteknik.com\/fi\/"},{"@type":"ListItem","position":2,"name":"Ev\u00e4steet"}]},{"@type":"WebSite","@id":"https:\/\/ngmotorteknik.com\/fi\/#website","url":"https:\/\/ngmotorteknik.com\/fi\/","name":"NG Motorteknik","description":"","publisher":{"@id":"https:\/\/ngmotorteknik.com\/fi\/#organization"},"potentialAction":[{"@type":"SearchAction","target":{"@type":"EntryPoint","urlTemplate":"https:\/\/ngmotorteknik.com\/fi\/?s={search_term_string}"},"query-input":{"@type":"PropertyValueSpecification","valueRequired":true,"valueName":"search_term_string"}}],"inLanguage":"fi"},{"@type":"Organization","@id":"https:\/\/ngmotorteknik.com\/fi\/#organization","name":"NG Motorteknik","url":"https:\/\/ngmotorteknik.com\/fi\/","logo":{"@type":"ImageObject","inLanguage":"fi","@id":"https:\/\/ngmotorteknik.com\/fi\/#\/schema\/logo\/image\/","url":"https:\/\/ngmotorteknik.com\/wp-content\/uploads\/2023\/09\/ngmotorteknik-icon.png","contentUrl":"https:\/\/ngmotorteknik.com\/wp-content\/uploads\/2023\/09\/ngmotorteknik-icon.png","width":512,"height":512,"caption":"NG Motorteknik"},"image":{"@id":"https:\/\/ngmotorteknik.com\/fi\/#\/schema\/logo\/image\/"},"sameAs":["https:\/\/www.facebook.com\/profile.php?id=100057239568179"]}]}},"_links":{"self":[{"href":"https:\/\/ngmotorteknik.com\/fi\/wp-json\/wp\/v2\/pages\/6547","targetHints":{"allow":["GET"]}}],"collection":[{"href":"https:\/\/ngmotorteknik.com\/fi\/wp-json\/wp\/v2\/pages"}],"about":[{"href":"https:\/\/ngmotorteknik.com\/fi\/wp-json\/wp\/v2\/types\/page"}],"author":[{"embeddable":true,"href":"https:\/\/ngmotorteknik.com\/fi\/wp-json\/wp\/v2\/users\/1"}],"replies":[{"embeddable":true,"href":"https:\/\/ngmotorteknik.com\/fi\/wp-json\/wp\/v2\/comments?post=6547"}],"version-history":[{"count":2,"href":"https:\/\/ngmotorteknik.com\/fi\/wp-json\/wp\/v2\/pages\/6547\/revisions"}],"predecessor-version":[{"id":6549,"href":"https:\/\/ngmotorteknik.com\/fi\/wp-json\/wp\/v2\/pages\/6547\/revisions\/6549"}],"wp:attachment":[{"href":"https:\/\/ngmotorteknik.com\/fi\/wp-json\/wp\/v2\/media?parent=6547"}],"curies":[{"name":"wp","href":"https:\/\/api.w.org\/{rel}","templated":true}]}}