{"id":6550,"date":"2023-03-27T22:34:35","date_gmt":"2023-03-27T19:34:35","guid":{"rendered":"https:\/\/ngmotorteknik.com\/tietosuojakaytanto\/"},"modified":"2023-09-25T22:19:06","modified_gmt":"2023-09-25T19:19:06","slug":"tietosuojakaytanto","status":"publish","type":"page","link":"https:\/\/ngmotorteknik.com\/fi\/tietosuojakaytanto\/","title":{"rendered":"Tietosuojak\u00e4yt\u00e4nt\u00f6"},"content":{"rendered":"\t\t<div data-elementor-type=\"wp-page\" data-elementor-id=\"6550\" class=\"elementor elementor-6550 elementor-3428\">\n\t\t\t\t\t\t<section class=\"elementor-section elementor-top-section elementor-element elementor-element-108336a6 elementor-section-boxed elementor-section-height-default elementor-section-height-default\" data-id=\"108336a6\" data-element_type=\"section\" data-e-type=\"section\">\r\n\t\t\r\n\t\t\t\t\t\t\t<div class=\"elementor-container elementor-column-gap-default\">\r\n\t\t\t\t\t\t\t\t\t\t\t<div class=\"elementor-column elementor-col-100 elementor-top-column elementor-element elementor-element-3c4ba16e\" data-id=\"3c4ba16e\" data-element_type=\"column\" data-e-type=\"column\">\r\n\t\t\t\t\t<div class=\"elementor-widget-wrap elementor-element-populated\">\r\n\t\t\t\t\t\t\t\t<div class=\"elementor-element elementor-element-43b6072 elementor-widget elementor-widget-porto_ultimate_heading\" data-id=\"43b6072\" data-element_type=\"widget\" data-e-type=\"widget\" data-widget_type=\"porto_ultimate_heading.default\">\n\t\t\t\t<div class=\"elementor-widget-container\">\n\t\t\t\t\t<div class=\"porto-u-heading  porto-u-55ca8359258f9a412be7e73af65d2aac\"><div class=\"porto-u-main-heading\"><h2   >Tietosuojak\u00e4yt\u00e4nt\u00f6<\/h2><\/div><style>.porto-u-55ca8359258f9a412be7e73af65d2aac.porto-u-heading{text-align:center}<\/style><\/div>\t\t\t\t<\/div>\n\t\t\t\t<\/div>\n\t\t\t\t<div class=\"elementor-element elementor-element-3b0217fa elementor-widget elementor-widget-text-editor\" data-id=\"3b0217fa\" data-element_type=\"widget\" data-e-type=\"widget\" data-widget_type=\"text-editor.default\">\n\t\t\t\t<div class=\"elementor-widget-container\">\n\t\t\t\t\t\t\t\t\t<p>Huolehdimme yksityisyydest\u00e4si, mink\u00e4 vuoksi k\u00e4sittelemme henkil\u00f6tietoja mahdollisimman avoimesti ja pyrimme aina korkeatasoiseen tietosuojaan. Henkil\u00f6tietojesi k\u00e4sittely voi vaihdella sen mukaan, mit\u00e4 kanavia tai palveluja valitset k\u00e4ytt\u00f6\u00f6si, mink\u00e4 vuoksi olemme laatineet useita tietosuojak\u00e4yt\u00e4nt\u00f6j\u00e4. Jotta voisimme kuvata selke\u00e4mmin, miten k\u00e4sittelemme henkil\u00f6tietojasi, kussakin tietosuojak\u00e4yt\u00e4nn\u00f6ss\u00e4 selitet\u00e4\u00e4n tarkemmin, miten henkil\u00f6tietojasi k\u00e4sitell\u00e4\u00e4n kussakin kanavassa, miten suojaamme henkil\u00f6tietojasi ja miten voit k\u00e4ytt\u00e4\u00e4 oikeuksiasi. Kerromme, mist\u00e4 henkil\u00f6tietojasi ker\u00e4t\u00e4\u00e4n, kenen kanssa voimme jakaa henkil\u00f6tietojasi, mit\u00e4 henkil\u00f6tietoja k\u00e4sitell\u00e4\u00e4n ja miksi k\u00e4sittelemme niit\u00e4.<\/p>\n<p><\/p>\n<p>Alla on kunkin kanavan tietosuojak\u00e4yt\u00e4nt\u00f6, jossa kuvaamme, miten k\u00e4sittelemme henkil\u00f6tietojasi, jos olet verkkokaupan asiakas tai verkkosivuston k\u00e4vij\u00e4.<\/p>\n<p><\/p>\n<p>Jos sinulla on kysytt\u00e4v\u00e4\u00e4 tai jos haluat k\u00e4ytt\u00e4\u00e4 henkil\u00f6tietojesi k\u00e4sittelyyn liittyvi\u00e4 oikeuksiasi, ota yhteytt\u00e4 GDPR-tiimiimme: gdpr@ngmotorteknik.com.<\/p>\n<p><\/p>\n<p>S\u00e4hk\u00f6isen kaupank\u00e4ynnin asiakas ja verkkosivuston k\u00e4vij\u00e4<\/p>\n<p>NG Motorteknik Ab, FO-numero 123123-3, Jeppov\u00e4gen 579, 66840 Pensala, on rekisterinpit\u00e4j\u00e4, joka k\u00e4sittelee henkil\u00f6tietojasi NG Motorteknikin s\u00e4hk\u00f6isen kaupank\u00e4ynnin ja verkkosivuston puitteissa.<\/p>\t\t\t\t\t\t\t\t<\/div>\n\t\t\t\t<\/div>\n\t\t\t\t\t<\/div>\r\n\t\t\t\t<\/div>\r\n\t\t\t\t\t<\/div>\r\n\t\t\t\t<\/section>\r\n\t\t\t\t<\/div>\n\t\t","protected":false},"excerpt":{"rendered":"<p>Tietosuojak\u00e4yt\u00e4nt\u00f6 Huolehdimme yksityisyydest\u00e4si, mink\u00e4 vuoksi k\u00e4sittelemme henkil\u00f6tietoja mahdollisimman avoimesti ja pyrimme aina korkeatasoiseen tietosuojaan. Henkil\u00f6tietojesi k\u00e4sittely voi vaihdella sen mukaan, mit\u00e4 kanavia tai palveluja valitset k\u00e4ytt\u00f6\u00f6si, mink\u00e4 vuoksi olemme laatineet useita tietosuojak\u00e4yt\u00e4nt\u00f6j\u00e4. Jotta voisimme kuvata selke\u00e4mmin, miten k\u00e4sittelemme henkil\u00f6tietojasi, kussakin tietosuojak\u00e4yt\u00e4nn\u00f6ss\u00e4 selitet\u00e4\u00e4n tarkemmin, miten henkil\u00f6tietojasi k\u00e4sitell\u00e4\u00e4n kussakin kanavassa, miten suojaamme henkil\u00f6tietojasi ja miten voit k\u00e4ytt\u00e4\u00e4 [&hellip;]<\/p>\n","protected":false},"author":1,"featured_media":0,"parent":0,"menu_order":0,"comment_status":"closed","ping_status":"closed","template":"","meta":{"footnotes":""},"class_list":["post-6550","page","type-page","status-publish","hentry"],"yoast_head":"<!-- This site is optimized with the Yoast SEO plugin v27.3 - https:\/\/yoast.com\/product\/yoast-seo-wordpress\/ -->\n<title>Tietosuojak\u00e4yt\u00e4nt\u00f6 - NG Motorteknik<\/title>\n<meta name=\"robots\" content=\"index, follow, max-snippet:-1, max-image-preview:large, max-video-preview:-1\" \/>\n<link rel=\"canonical\" href=\"https:\/\/ngmotorteknik.com\/fi\/tietosuojakaytanto\/\" \/>\n<meta property=\"og:locale\" content=\"fi_FI\" \/>\n<meta property=\"og:type\" content=\"article\" \/>\n<meta property=\"og:title\" content=\"Tietosuojak\u00e4yt\u00e4nt\u00f6 - NG Motorteknik\" \/>\n<meta property=\"og:description\" content=\"Tietosuojak\u00e4yt\u00e4nt\u00f6 Huolehdimme yksityisyydest\u00e4si, mink\u00e4 vuoksi k\u00e4sittelemme henkil\u00f6tietoja mahdollisimman avoimesti ja pyrimme aina korkeatasoiseen tietosuojaan. Henkil\u00f6tietojesi k\u00e4sittely voi vaihdella sen mukaan, mit\u00e4 kanavia tai palveluja valitset k\u00e4ytt\u00f6\u00f6si, mink\u00e4 vuoksi olemme laatineet useita tietosuojak\u00e4yt\u00e4nt\u00f6j\u00e4. Jotta voisimme kuvata selke\u00e4mmin, miten k\u00e4sittelemme henkil\u00f6tietojasi, kussakin tietosuojak\u00e4yt\u00e4nn\u00f6ss\u00e4 selitet\u00e4\u00e4n tarkemmin, miten henkil\u00f6tietojasi k\u00e4sitell\u00e4\u00e4n kussakin kanavassa, miten suojaamme henkil\u00f6tietojasi ja miten voit k\u00e4ytt\u00e4\u00e4 [&hellip;]\" \/>\n<meta property=\"og:url\" content=\"https:\/\/ngmotorteknik.com\/fi\/tietosuojakaytanto\/\" \/>\n<meta property=\"og:site_name\" content=\"NG Motorteknik\" \/>\n<meta property=\"article:publisher\" content=\"https:\/\/www.facebook.com\/profile.php?id=100057239568179\" \/>\n<meta property=\"article:modified_time\" content=\"2023-09-25T19:19:06+00:00\" \/>\n<meta name=\"twitter:card\" content=\"summary_large_image\" \/>\n<meta name=\"twitter:label1\" content=\"Arvioitu lukuaika\" \/>\n\t<meta name=\"twitter:data1\" content=\"1 minuutti\" \/>\n<script type=\"application\/ld+json\" class=\"yoast-schema-graph\">{\"@context\":\"https:\\\/\\\/schema.org\",\"@graph\":[{\"@type\":\"WebPage\",\"@id\":\"https:\\\/\\\/ngmotorteknik.com\\\/fi\\\/tietosuojakaytanto\\\/\",\"url\":\"https:\\\/\\\/ngmotorteknik.com\\\/fi\\\/tietosuojakaytanto\\\/\",\"name\":\"Tietosuojak\u00e4yt\u00e4nt\u00f6 - NG Motorteknik\",\"isPartOf\":{\"@id\":\"https:\\\/\\\/ngmotorteknik.com\\\/fi\\\/#website\"},\"datePublished\":\"2023-03-27T19:34:35+00:00\",\"dateModified\":\"2023-09-25T19:19:06+00:00\",\"breadcrumb\":{\"@id\":\"https:\\\/\\\/ngmotorteknik.com\\\/fi\\\/tietosuojakaytanto\\\/#breadcrumb\"},\"inLanguage\":\"fi\",\"potentialAction\":[{\"@type\":\"ReadAction\",\"target\":[\"https:\\\/\\\/ngmotorteknik.com\\\/fi\\\/tietosuojakaytanto\\\/\"]}]},{\"@type\":\"BreadcrumbList\",\"@id\":\"https:\\\/\\\/ngmotorteknik.com\\\/fi\\\/tietosuojakaytanto\\\/#breadcrumb\",\"itemListElement\":[{\"@type\":\"ListItem\",\"position\":1,\"name\":\"Hem\",\"item\":\"https:\\\/\\\/ngmotorteknik.com\\\/fi\\\/\"},{\"@type\":\"ListItem\",\"position\":2,\"name\":\"Tietosuojak\u00e4yt\u00e4nt\u00f6\"}]},{\"@type\":\"WebSite\",\"@id\":\"https:\\\/\\\/ngmotorteknik.com\\\/fi\\\/#website\",\"url\":\"https:\\\/\\\/ngmotorteknik.com\\\/fi\\\/\",\"name\":\"NG Motorteknik\",\"description\":\"\",\"publisher\":{\"@id\":\"https:\\\/\\\/ngmotorteknik.com\\\/fi\\\/#organization\"},\"potentialAction\":[{\"@type\":\"SearchAction\",\"target\":{\"@type\":\"EntryPoint\",\"urlTemplate\":\"https:\\\/\\\/ngmotorteknik.com\\\/fi\\\/?s={search_term_string}\"},\"query-input\":{\"@type\":\"PropertyValueSpecification\",\"valueRequired\":true,\"valueName\":\"search_term_string\"}}],\"inLanguage\":\"fi\"},{\"@type\":\"Organization\",\"@id\":\"https:\\\/\\\/ngmotorteknik.com\\\/fi\\\/#organization\",\"name\":\"NG Motorteknik\",\"url\":\"https:\\\/\\\/ngmotorteknik.com\\\/fi\\\/\",\"logo\":{\"@type\":\"ImageObject\",\"inLanguage\":\"fi\",\"@id\":\"https:\\\/\\\/ngmotorteknik.com\\\/fi\\\/#\\\/schema\\\/logo\\\/image\\\/\",\"url\":\"https:\\\/\\\/ngmotorteknik.com\\\/wp-content\\\/uploads\\\/2023\\\/09\\\/ngmotorteknik-icon.png\",\"contentUrl\":\"https:\\\/\\\/ngmotorteknik.com\\\/wp-content\\\/uploads\\\/2023\\\/09\\\/ngmotorteknik-icon.png\",\"width\":512,\"height\":512,\"caption\":\"NG Motorteknik\"},\"image\":{\"@id\":\"https:\\\/\\\/ngmotorteknik.com\\\/fi\\\/#\\\/schema\\\/logo\\\/image\\\/\"},\"sameAs\":[\"https:\\\/\\\/www.facebook.com\\\/profile.php?id=100057239568179\"]}]}<\/script>\n<!-- \/ Yoast SEO plugin. -->","yoast_head_json":{"title":"Tietosuojak\u00e4yt\u00e4nt\u00f6 - NG Motorteknik","robots":{"index":"index","follow":"follow","max-snippet":"max-snippet:-1","max-image-preview":"max-image-preview:large","max-video-preview":"max-video-preview:-1"},"canonical":"https:\/\/ngmotorteknik.com\/fi\/tietosuojakaytanto\/","og_locale":"fi_FI","og_type":"article","og_title":"Tietosuojak\u00e4yt\u00e4nt\u00f6 - NG Motorteknik","og_description":"Tietosuojak\u00e4yt\u00e4nt\u00f6 Huolehdimme yksityisyydest\u00e4si, mink\u00e4 vuoksi k\u00e4sittelemme henkil\u00f6tietoja mahdollisimman avoimesti ja pyrimme aina korkeatasoiseen tietosuojaan. Henkil\u00f6tietojesi k\u00e4sittely voi vaihdella sen mukaan, mit\u00e4 kanavia tai palveluja valitset k\u00e4ytt\u00f6\u00f6si, mink\u00e4 vuoksi olemme laatineet useita tietosuojak\u00e4yt\u00e4nt\u00f6j\u00e4. Jotta voisimme kuvata selke\u00e4mmin, miten k\u00e4sittelemme henkil\u00f6tietojasi, kussakin tietosuojak\u00e4yt\u00e4nn\u00f6ss\u00e4 selitet\u00e4\u00e4n tarkemmin, miten henkil\u00f6tietojasi k\u00e4sitell\u00e4\u00e4n kussakin kanavassa, miten suojaamme henkil\u00f6tietojasi ja miten voit k\u00e4ytt\u00e4\u00e4 [&hellip;]","og_url":"https:\/\/ngmotorteknik.com\/fi\/tietosuojakaytanto\/","og_site_name":"NG Motorteknik","article_publisher":"https:\/\/www.facebook.com\/profile.php?id=100057239568179","article_modified_time":"2023-09-25T19:19:06+00:00","twitter_card":"summary_large_image","twitter_misc":{"Arvioitu lukuaika":"1 minuutti"},"schema":{"@context":"https:\/\/schema.org","@graph":[{"@type":"WebPage","@id":"https:\/\/ngmotorteknik.com\/fi\/tietosuojakaytanto\/","url":"https:\/\/ngmotorteknik.com\/fi\/tietosuojakaytanto\/","name":"Tietosuojak\u00e4yt\u00e4nt\u00f6 - NG Motorteknik","isPartOf":{"@id":"https:\/\/ngmotorteknik.com\/fi\/#website"},"datePublished":"2023-03-27T19:34:35+00:00","dateModified":"2023-09-25T19:19:06+00:00","breadcrumb":{"@id":"https:\/\/ngmotorteknik.com\/fi\/tietosuojakaytanto\/#breadcrumb"},"inLanguage":"fi","potentialAction":[{"@type":"ReadAction","target":["https:\/\/ngmotorteknik.com\/fi\/tietosuojakaytanto\/"]}]},{"@type":"BreadcrumbList","@id":"https:\/\/ngmotorteknik.com\/fi\/tietosuojakaytanto\/#breadcrumb","itemListElement":[{"@type":"ListItem","position":1,"name":"Hem","item":"https:\/\/ngmotorteknik.com\/fi\/"},{"@type":"ListItem","position":2,"name":"Tietosuojak\u00e4yt\u00e4nt\u00f6"}]},{"@type":"WebSite","@id":"https:\/\/ngmotorteknik.com\/fi\/#website","url":"https:\/\/ngmotorteknik.com\/fi\/","name":"NG Motorteknik","description":"","publisher":{"@id":"https:\/\/ngmotorteknik.com\/fi\/#organization"},"potentialAction":[{"@type":"SearchAction","target":{"@type":"EntryPoint","urlTemplate":"https:\/\/ngmotorteknik.com\/fi\/?s={search_term_string}"},"query-input":{"@type":"PropertyValueSpecification","valueRequired":true,"valueName":"search_term_string"}}],"inLanguage":"fi"},{"@type":"Organization","@id":"https:\/\/ngmotorteknik.com\/fi\/#organization","name":"NG Motorteknik","url":"https:\/\/ngmotorteknik.com\/fi\/","logo":{"@type":"ImageObject","inLanguage":"fi","@id":"https:\/\/ngmotorteknik.com\/fi\/#\/schema\/logo\/image\/","url":"https:\/\/ngmotorteknik.com\/wp-content\/uploads\/2023\/09\/ngmotorteknik-icon.png","contentUrl":"https:\/\/ngmotorteknik.com\/wp-content\/uploads\/2023\/09\/ngmotorteknik-icon.png","width":512,"height":512,"caption":"NG Motorteknik"},"image":{"@id":"https:\/\/ngmotorteknik.com\/fi\/#\/schema\/logo\/image\/"},"sameAs":["https:\/\/www.facebook.com\/profile.php?id=100057239568179"]}]}},"_links":{"self":[{"href":"https:\/\/ngmotorteknik.com\/fi\/wp-json\/wp\/v2\/pages\/6550","targetHints":{"allow":["GET"]}}],"collection":[{"href":"https:\/\/ngmotorteknik.com\/fi\/wp-json\/wp\/v2\/pages"}],"about":[{"href":"https:\/\/ngmotorteknik.com\/fi\/wp-json\/wp\/v2\/types\/page"}],"author":[{"embeddable":true,"href":"https:\/\/ngmotorteknik.com\/fi\/wp-json\/wp\/v2\/users\/1"}],"replies":[{"embeddable":true,"href":"https:\/\/ngmotorteknik.com\/fi\/wp-json\/wp\/v2\/comments?post=6550"}],"version-history":[{"count":2,"href":"https:\/\/ngmotorteknik.com\/fi\/wp-json\/wp\/v2\/pages\/6550\/revisions"}],"predecessor-version":[{"id":6552,"href":"https:\/\/ngmotorteknik.com\/fi\/wp-json\/wp\/v2\/pages\/6550\/revisions\/6552"}],"wp:attachment":[{"href":"https:\/\/ngmotorteknik.com\/fi\/wp-json\/wp\/v2\/media?parent=6550"}],"curies":[{"name":"wp","href":"https:\/\/api.w.org\/{rel}","templated":true}]}}