{"id":6628,"date":"2023-11-02T22:58:20","date_gmt":"2023-11-02T20:58:20","guid":{"rendered":"https:\/\/ngmotorteknik.com\/palvelut\/"},"modified":"2023-11-21T09:26:16","modified_gmt":"2023-11-21T07:26:16","slug":"palvelut","status":"publish","type":"page","link":"https:\/\/ngmotorteknik.com\/fi\/palvelut\/","title":{"rendered":"Palvelut"},"content":{"rendered":"\t\t<div data-elementor-type=\"wp-page\" data-elementor-id=\"6628\" class=\"elementor elementor-6628 elementor-6618\">\n\t\t\t\t\t\t<section class=\"porto-full-no-gap elementor-section elementor-top-section elementor-element elementor-element-383e3247 elementor-section-content-middle elementor-section-full_width elementor-section-stretched elementor-section-height-default elementor-section-height-default\" data-id=\"383e3247\" data-element_type=\"section\" data-e-type=\"section\" data-settings=\"{&quot;stretch_section&quot;:&quot;section-stretched&quot;}\">\r\n\t\t\r\n\t\t\t\t\t\t\t<div class=\"elementor-container elementor-column-gap-no\">\r\n\t\t\t\t\t\t\t\t\t\t\t<div class=\"elementor-column elementor-col-100 elementor-top-column elementor-element elementor-element-61db9743\" data-id=\"61db9743\" data-element_type=\"column\" data-e-type=\"column\">\r\n\t\t\t\t\t<div class=\"elementor-widget-wrap elementor-element-populated\">\r\n\t\t\t\t\t\t\t\t<div class=\"elementor-element elementor-element-3c42d48c elementor-widget elementor-widget-heading\" data-id=\"3c42d48c\" data-element_type=\"widget\" data-e-type=\"widget\" data-widget_type=\"heading.default\">\n\t\t\t\t<div class=\"elementor-widget-container\">\n\t\t\t\t\t<h4 class=\"elementor-heading-title elementor-size-default\">Palvelut<\/h4>\t\t\t\t<\/div>\n\t\t\t\t<\/div>\n\t\t\t\t<section class=\"elementor-section elementor-inner-section elementor-element elementor-element-90b2566 elementor-section-boxed elementor-section-height-default elementor-section-height-default\" data-id=\"90b2566\" data-element_type=\"section\" data-e-type=\"section\">\r\n\t\t\r\n\t\t\t\t\t\t\t<div class=\"elementor-container elementor-column-gap-default\">\r\n\t\t\t\t\t\t\t\t\t\t\t<div class=\"elementor-column elementor-col-100 elementor-inner-column elementor-element elementor-element-cd608f8\" data-id=\"cd608f8\" data-element_type=\"column\" data-e-type=\"column\">\r\n\t\t\t\t\t<div class=\"elementor-widget-wrap elementor-element-populated\">\r\n\t\t\t\t\t\t\t\t<div class=\"elementor-element elementor-element-7a08f9d elementor-widget elementor-widget-text-editor\" data-id=\"7a08f9d\" data-element_type=\"widget\" data-e-type=\"widget\" data-widget_type=\"text-editor.default\">\n\t\t\t\t<div class=\"elementor-widget-container\">\n\t\t\t\t\t\t\t\t\t<p>Suoritamme monenlaisia konet\u00f6it\u00e4, moottorin kunnostuksia ja turbon p\u00e4ivityksi\u00e4 monen vuoden kokemuksella.<\/p>\n\t\t\t\t\t\t\t\t<\/div>\n\t\t\t\t<\/div>\n\t\t\t\t\t<\/div>\r\n\t\t\t\t<\/div>\r\n\t\t\t\t\t<\/div>\r\n\t\t\t\t<\/section>\r\n\t\t\t\t<div class=\"elementor-element elementor-element-4897978 elementor-widget elementor-widget-porto_image_gallery\" data-id=\"4897978\" data-element_type=\"widget\" data-e-type=\"widget\" data-settings=\"{&quot;view&quot;:&quot;masonry&quot;,&quot;spacing&quot;:{&quot;unit&quot;:&quot;px&quot;,&quot;size&quot;:10,&quot;sizes&quot;:[]}}\" data-widget_type=\"porto_image_gallery.default\">\n\t\t\t\t<div class=\"elementor-widget-container\">\n\t\t\t\t\t<div class=\"porto-gallery has-ccols ccols-1 has-ccols-spacing ccols-sm-2 ccols-md-3 porto-gallery-masonry lightbox porto-ig-overlay\" data-plugin-masonry data-plugin-options=\"{&quot;layoutMode&quot;:&quot;masonry&quot;,&quot;itemSelector&quot;:&quot;a&quot;,&quot;masonry&quot;:{&quot;columnWidth&quot;:&quot;a&quot;},&quot;animationEngine&quot;:&quot;best-available&quot;,&quot;resizable&quot;:false}\" data-lightbox-options=\"{&quot;delegate&quot;:&quot;a&quot;,&quot;mainClass&quot;:&quot;mfp-with-zoom&quot;,&quot;zoom&quot;:{&quot;enabled&quot;:true,&quot;duration&quot;:300},&quot;gallery&quot;:{&quot;enabled&quot;:true},&quot;type&quot;:&quot;image&quot;}\"><a href=\"https:\/\/ngmotorteknik.com\/wp-content\/uploads\/2023\/11\/Tractor-turbo-upgrade.jpg\"><figure><img fetchpriority=\"high\" decoding=\"async\" width=\"1512\" height=\"2016\" src=\"https:\/\/ngmotorteknik.com\/wp-content\/uploads\/2023\/11\/Tractor-turbo-upgrade.jpg\" class=\"attachment-full size-full\" alt=\"\" srcset=\"https:\/\/ngmotorteknik.com\/wp-content\/uploads\/2023\/11\/Tractor-turbo-upgrade.jpg 1512w, https:\/\/ngmotorteknik.com\/wp-content\/uploads\/2023\/11\/Tractor-turbo-upgrade-768x1024.jpg 768w, https:\/\/ngmotorteknik.com\/wp-content\/uploads\/2023\/11\/Tractor-turbo-upgrade-1152x1536.jpg 1152w, https:\/\/ngmotorteknik.com\/wp-content\/uploads\/2023\/11\/Tractor-turbo-upgrade-640x853.jpg 640w, https:\/\/ngmotorteknik.com\/wp-content\/uploads\/2023\/11\/Tractor-turbo-upgrade-400x533.jpg 400w, https:\/\/ngmotorteknik.com\/wp-content\/uploads\/2023\/11\/Tractor-turbo-upgrade-600x800.jpg 600w\" sizes=\"(max-width: 1512px) 100vw, 1512px\" \/><\/figure><\/a><a href=\"https:\/\/ngmotorteknik.com\/wp-content\/uploads\/2023\/11\/Tractor-turbo-upgrade-3.jpg\"><figure><img decoding=\"async\" width=\"1512\" height=\"2016\" src=\"https:\/\/ngmotorteknik.com\/wp-content\/uploads\/2023\/11\/Tractor-turbo-upgrade-3.jpg\" class=\"attachment-full size-full\" alt=\"\" srcset=\"https:\/\/ngmotorteknik.com\/wp-content\/uploads\/2023\/11\/Tractor-turbo-upgrade-3.jpg 1512w, https:\/\/ngmotorteknik.com\/wp-content\/uploads\/2023\/11\/Tractor-turbo-upgrade-3-768x1024.jpg 768w, https:\/\/ngmotorteknik.com\/wp-content\/uploads\/2023\/11\/Tractor-turbo-upgrade-3-1152x1536.jpg 1152w, https:\/\/ngmotorteknik.com\/wp-content\/uploads\/2023\/11\/Tractor-turbo-upgrade-3-640x853.jpg 640w, https:\/\/ngmotorteknik.com\/wp-content\/uploads\/2023\/11\/Tractor-turbo-upgrade-3-400x533.jpg 400w, https:\/\/ngmotorteknik.com\/wp-content\/uploads\/2023\/11\/Tractor-turbo-upgrade-3-600x800.jpg 600w\" sizes=\"(max-width: 1512px) 100vw, 1512px\" \/><\/figure><\/a><a href=\"https:\/\/ngmotorteknik.com\/wp-content\/uploads\/2023\/11\/Tractor-turbo-upgrade-2.jpg\"><figure><img decoding=\"async\" width=\"2016\" height=\"1512\" src=\"https:\/\/ngmotorteknik.com\/wp-content\/uploads\/2023\/11\/Tractor-turbo-upgrade-2.jpg\" class=\"attachment-full size-full\" alt=\"\" srcset=\"https:\/\/ngmotorteknik.com\/wp-content\/uploads\/2023\/11\/Tractor-turbo-upgrade-2.jpg 2016w, https:\/\/ngmotorteknik.com\/wp-content\/uploads\/2023\/11\/Tractor-turbo-upgrade-2-1024x768.jpg 1024w, https:\/\/ngmotorteknik.com\/wp-content\/uploads\/2023\/11\/Tractor-turbo-upgrade-2-768x576.jpg 768w, https:\/\/ngmotorteknik.com\/wp-content\/uploads\/2023\/11\/Tractor-turbo-upgrade-2-1536x1152.jpg 1536w, https:\/\/ngmotorteknik.com\/wp-content\/uploads\/2023\/11\/Tractor-turbo-upgrade-2-463x348.jpg 463w, https:\/\/ngmotorteknik.com\/wp-content\/uploads\/2023\/11\/Tractor-turbo-upgrade-2-640x480.jpg 640w, https:\/\/ngmotorteknik.com\/wp-content\/uploads\/2023\/11\/Tractor-turbo-upgrade-2-400x300.jpg 400w, https:\/\/ngmotorteknik.com\/wp-content\/uploads\/2023\/11\/Tractor-turbo-upgrade-2-600x450.jpg 600w\" sizes=\"(max-width: 2016px) 100vw, 2016px\" \/><\/figure><\/a><a href=\"https:\/\/ngmotorteknik.com\/wp-content\/uploads\/2023\/11\/Turbo-upgrade.jpg\"><figure><img loading=\"lazy\" decoding=\"async\" width=\"1200\" height=\"1600\" src=\"https:\/\/ngmotorteknik.com\/wp-content\/uploads\/2023\/11\/Turbo-upgrade.jpg\" class=\"attachment-full size-full\" alt=\"\" srcset=\"https:\/\/ngmotorteknik.com\/wp-content\/uploads\/2023\/11\/Turbo-upgrade.jpg 1200w, https:\/\/ngmotorteknik.com\/wp-content\/uploads\/2023\/11\/Turbo-upgrade-768x1024.jpg 768w, https:\/\/ngmotorteknik.com\/wp-content\/uploads\/2023\/11\/Turbo-upgrade-1152x1536.jpg 1152w, https:\/\/ngmotorteknik.com\/wp-content\/uploads\/2023\/11\/Turbo-upgrade-640x853.jpg 640w, https:\/\/ngmotorteknik.com\/wp-content\/uploads\/2023\/11\/Turbo-upgrade-400x533.jpg 400w, https:\/\/ngmotorteknik.com\/wp-content\/uploads\/2023\/11\/Turbo-upgrade-600x800.jpg 600w\" sizes=\"(max-width: 1200px) 100vw, 1200px\" \/><\/figure><\/a><a href=\"https:\/\/ngmotorteknik.com\/wp-content\/uploads\/2023\/11\/Engine-build.jpg\"><figure><img loading=\"lazy\" decoding=\"async\" width=\"1200\" height=\"1600\" src=\"https:\/\/ngmotorteknik.com\/wp-content\/uploads\/2023\/11\/Engine-build.jpg\" class=\"attachment-full size-full\" alt=\"\" srcset=\"https:\/\/ngmotorteknik.com\/wp-content\/uploads\/2023\/11\/Engine-build.jpg 1200w, https:\/\/ngmotorteknik.com\/wp-content\/uploads\/2023\/11\/Engine-build-768x1024.jpg 768w, https:\/\/ngmotorteknik.com\/wp-content\/uploads\/2023\/11\/Engine-build-1152x1536.jpg 1152w, https:\/\/ngmotorteknik.com\/wp-content\/uploads\/2023\/11\/Engine-build-640x853.jpg 640w, https:\/\/ngmotorteknik.com\/wp-content\/uploads\/2023\/11\/Engine-build-400x533.jpg 400w, https:\/\/ngmotorteknik.com\/wp-content\/uploads\/2023\/11\/Engine-build-600x800.jpg 600w\" sizes=\"(max-width: 1200px) 100vw, 1200px\" \/><\/figure><\/a><a href=\"https:\/\/ngmotorteknik.com\/wp-content\/uploads\/2023\/11\/Pistons-and-conrods.jpg\"><figure><img loading=\"lazy\" decoding=\"async\" width=\"1512\" height=\"2016\" src=\"https:\/\/ngmotorteknik.com\/wp-content\/uploads\/2023\/11\/Pistons-and-conrods.jpg\" class=\"attachment-full size-full\" alt=\"\" srcset=\"https:\/\/ngmotorteknik.com\/wp-content\/uploads\/2023\/11\/Pistons-and-conrods.jpg 1512w, https:\/\/ngmotorteknik.com\/wp-content\/uploads\/2023\/11\/Pistons-and-conrods-768x1024.jpg 768w, https:\/\/ngmotorteknik.com\/wp-content\/uploads\/2023\/11\/Pistons-and-conrods-1152x1536.jpg 1152w, https:\/\/ngmotorteknik.com\/wp-content\/uploads\/2023\/11\/Pistons-and-conrods-640x853.jpg 640w, https:\/\/ngmotorteknik.com\/wp-content\/uploads\/2023\/11\/Pistons-and-conrods-400x533.jpg 400w, https:\/\/ngmotorteknik.com\/wp-content\/uploads\/2023\/11\/Pistons-and-conrods-600x800.jpg 600w\" sizes=\"(max-width: 1512px) 100vw, 1512px\" \/><\/figure><\/a><\/div>\t\t\t\t<\/div>\n\t\t\t\t<\/div>\n\t\t\t\t\t<\/div>\r\n\t\t\t\t<\/div>\r\n\t\t\t\t\t<\/div>\r\n\t\t\t\t<\/section>\r\n\t\t\t\t<section class=\"elementor-section elementor-top-section elementor-element elementor-element-e6511f6 elementor-section-boxed elementor-section-height-default elementor-section-height-default\" data-id=\"e6511f6\" data-element_type=\"section\" data-e-type=\"section\">\r\n\t\t\r\n\t\t\t\t\t\t\t<div class=\"elementor-container elementor-column-gap-default\">\r\n\t\t\t\t\t\t\t\t\t\t\t<div class=\"elementor-column elementor-col-100 elementor-top-column elementor-element elementor-element-6b52517\" data-id=\"6b52517\" data-element_type=\"column\" data-e-type=\"column\">\r\n\t\t\t\t\t<div class=\"elementor-widget-wrap\">\r\n\t\t\t\t\t\t\t\t\t<\/div>\r\n\t\t\t\t<\/div>\r\n\t\t\t\t\t<\/div>\r\n\t\t\t\t<\/section>\r\n\t\t\t\t<\/div>\n\t\t","protected":false},"excerpt":{"rendered":"<p>Palvelut Suoritamme monenlaisia konet\u00f6it\u00e4, moottorin kunnostuksia ja turbon p\u00e4ivityksi\u00e4 monen vuoden kokemuksella.<\/p>\n","protected":false},"author":1,"featured_media":0,"parent":0,"menu_order":0,"comment_status":"closed","ping_status":"closed","template":"","meta":{"footnotes":""},"class_list":["post-6628","page","type-page","status-publish","hentry"],"yoast_head":"<!-- This site is optimized with the Yoast SEO plugin v27.3 - https:\/\/yoast.com\/product\/yoast-seo-wordpress\/ -->\n<title>Palvelut - NG Motorteknik<\/title>\n<meta name=\"robots\" content=\"index, follow, max-snippet:-1, max-image-preview:large, max-video-preview:-1\" \/>\n<link rel=\"canonical\" href=\"https:\/\/ngmotorteknik.com\/fi\/palvelut\/\" \/>\n<meta property=\"og:locale\" content=\"fi_FI\" \/>\n<meta property=\"og:type\" content=\"article\" \/>\n<meta property=\"og:title\" content=\"Palvelut - NG Motorteknik\" \/>\n<meta property=\"og:description\" content=\"Palvelut Suoritamme monenlaisia konet\u00f6it\u00e4, moottorin kunnostuksia ja turbon p\u00e4ivityksi\u00e4 monen vuoden kokemuksella.\" \/>\n<meta property=\"og:url\" content=\"https:\/\/ngmotorteknik.com\/fi\/palvelut\/\" \/>\n<meta property=\"og:site_name\" content=\"NG Motorteknik\" \/>\n<meta property=\"article:publisher\" content=\"https:\/\/www.facebook.com\/profile.php?id=100057239568179\" \/>\n<meta property=\"article:modified_time\" content=\"2023-11-21T07:26:16+00:00\" \/>\n<meta property=\"og:image\" content=\"https:\/\/ngmotorteknik.com\/wp-content\/uploads\/2023\/11\/Tractor-turbo-upgrade.jpg\" \/>\n<meta name=\"twitter:card\" content=\"summary_large_image\" \/>\n<script type=\"application\/ld+json\" class=\"yoast-schema-graph\">{\"@context\":\"https:\\\/\\\/schema.org\",\"@graph\":[{\"@type\":\"WebPage\",\"@id\":\"https:\\\/\\\/ngmotorteknik.com\\\/fi\\\/palvelut\\\/\",\"url\":\"https:\\\/\\\/ngmotorteknik.com\\\/fi\\\/palvelut\\\/\",\"name\":\"Palvelut - NG Motorteknik\",\"isPartOf\":{\"@id\":\"https:\\\/\\\/ngmotorteknik.com\\\/fi\\\/#website\"},\"primaryImageOfPage\":{\"@id\":\"https:\\\/\\\/ngmotorteknik.com\\\/fi\\\/palvelut\\\/#primaryimage\"},\"image\":{\"@id\":\"https:\\\/\\\/ngmotorteknik.com\\\/fi\\\/palvelut\\\/#primaryimage\"},\"thumbnailUrl\":\"https:\\\/\\\/ngmotorteknik.com\\\/wp-content\\\/uploads\\\/2023\\\/11\\\/Tractor-turbo-upgrade.jpg\",\"datePublished\":\"2023-11-02T20:58:20+00:00\",\"dateModified\":\"2023-11-21T07:26:16+00:00\",\"breadcrumb\":{\"@id\":\"https:\\\/\\\/ngmotorteknik.com\\\/fi\\\/palvelut\\\/#breadcrumb\"},\"inLanguage\":\"fi\",\"potentialAction\":[{\"@type\":\"ReadAction\",\"target\":[\"https:\\\/\\\/ngmotorteknik.com\\\/fi\\\/palvelut\\\/\"]}]},{\"@type\":\"ImageObject\",\"inLanguage\":\"fi\",\"@id\":\"https:\\\/\\\/ngmotorteknik.com\\\/fi\\\/palvelut\\\/#primaryimage\",\"url\":\"https:\\\/\\\/ngmotorteknik.com\\\/wp-content\\\/uploads\\\/2023\\\/11\\\/Tractor-turbo-upgrade.jpg\",\"contentUrl\":\"https:\\\/\\\/ngmotorteknik.com\\\/wp-content\\\/uploads\\\/2023\\\/11\\\/Tractor-turbo-upgrade.jpg\"},{\"@type\":\"BreadcrumbList\",\"@id\":\"https:\\\/\\\/ngmotorteknik.com\\\/fi\\\/palvelut\\\/#breadcrumb\",\"itemListElement\":[{\"@type\":\"ListItem\",\"position\":1,\"name\":\"Hem\",\"item\":\"https:\\\/\\\/ngmotorteknik.com\\\/fi\\\/\"},{\"@type\":\"ListItem\",\"position\":2,\"name\":\"Palvelut\"}]},{\"@type\":\"WebSite\",\"@id\":\"https:\\\/\\\/ngmotorteknik.com\\\/fi\\\/#website\",\"url\":\"https:\\\/\\\/ngmotorteknik.com\\\/fi\\\/\",\"name\":\"NG Motorteknik\",\"description\":\"\",\"publisher\":{\"@id\":\"https:\\\/\\\/ngmotorteknik.com\\\/fi\\\/#organization\"},\"potentialAction\":[{\"@type\":\"SearchAction\",\"target\":{\"@type\":\"EntryPoint\",\"urlTemplate\":\"https:\\\/\\\/ngmotorteknik.com\\\/fi\\\/?s={search_term_string}\"},\"query-input\":{\"@type\":\"PropertyValueSpecification\",\"valueRequired\":true,\"valueName\":\"search_term_string\"}}],\"inLanguage\":\"fi\"},{\"@type\":\"Organization\",\"@id\":\"https:\\\/\\\/ngmotorteknik.com\\\/fi\\\/#organization\",\"name\":\"NG Motorteknik\",\"url\":\"https:\\\/\\\/ngmotorteknik.com\\\/fi\\\/\",\"logo\":{\"@type\":\"ImageObject\",\"inLanguage\":\"fi\",\"@id\":\"https:\\\/\\\/ngmotorteknik.com\\\/fi\\\/#\\\/schema\\\/logo\\\/image\\\/\",\"url\":\"https:\\\/\\\/ngmotorteknik.com\\\/wp-content\\\/uploads\\\/2023\\\/09\\\/ngmotorteknik-icon.png\",\"contentUrl\":\"https:\\\/\\\/ngmotorteknik.com\\\/wp-content\\\/uploads\\\/2023\\\/09\\\/ngmotorteknik-icon.png\",\"width\":512,\"height\":512,\"caption\":\"NG Motorteknik\"},\"image\":{\"@id\":\"https:\\\/\\\/ngmotorteknik.com\\\/fi\\\/#\\\/schema\\\/logo\\\/image\\\/\"},\"sameAs\":[\"https:\\\/\\\/www.facebook.com\\\/profile.php?id=100057239568179\"]}]}<\/script>\n<!-- \/ Yoast SEO plugin. -->","yoast_head_json":{"title":"Palvelut - NG Motorteknik","robots":{"index":"index","follow":"follow","max-snippet":"max-snippet:-1","max-image-preview":"max-image-preview:large","max-video-preview":"max-video-preview:-1"},"canonical":"https:\/\/ngmotorteknik.com\/fi\/palvelut\/","og_locale":"fi_FI","og_type":"article","og_title":"Palvelut - NG Motorteknik","og_description":"Palvelut Suoritamme monenlaisia konet\u00f6it\u00e4, moottorin kunnostuksia ja turbon p\u00e4ivityksi\u00e4 monen vuoden kokemuksella.","og_url":"https:\/\/ngmotorteknik.com\/fi\/palvelut\/","og_site_name":"NG Motorteknik","article_publisher":"https:\/\/www.facebook.com\/profile.php?id=100057239568179","article_modified_time":"2023-11-21T07:26:16+00:00","og_image":[{"url":"https:\/\/ngmotorteknik.com\/wp-content\/uploads\/2023\/11\/Tractor-turbo-upgrade.jpg","type":"","width":"","height":""}],"twitter_card":"summary_large_image","schema":{"@context":"https:\/\/schema.org","@graph":[{"@type":"WebPage","@id":"https:\/\/ngmotorteknik.com\/fi\/palvelut\/","url":"https:\/\/ngmotorteknik.com\/fi\/palvelut\/","name":"Palvelut - NG Motorteknik","isPartOf":{"@id":"https:\/\/ngmotorteknik.com\/fi\/#website"},"primaryImageOfPage":{"@id":"https:\/\/ngmotorteknik.com\/fi\/palvelut\/#primaryimage"},"image":{"@id":"https:\/\/ngmotorteknik.com\/fi\/palvelut\/#primaryimage"},"thumbnailUrl":"https:\/\/ngmotorteknik.com\/wp-content\/uploads\/2023\/11\/Tractor-turbo-upgrade.jpg","datePublished":"2023-11-02T20:58:20+00:00","dateModified":"2023-11-21T07:26:16+00:00","breadcrumb":{"@id":"https:\/\/ngmotorteknik.com\/fi\/palvelut\/#breadcrumb"},"inLanguage":"fi","potentialAction":[{"@type":"ReadAction","target":["https:\/\/ngmotorteknik.com\/fi\/palvelut\/"]}]},{"@type":"ImageObject","inLanguage":"fi","@id":"https:\/\/ngmotorteknik.com\/fi\/palvelut\/#primaryimage","url":"https:\/\/ngmotorteknik.com\/wp-content\/uploads\/2023\/11\/Tractor-turbo-upgrade.jpg","contentUrl":"https:\/\/ngmotorteknik.com\/wp-content\/uploads\/2023\/11\/Tractor-turbo-upgrade.jpg"},{"@type":"BreadcrumbList","@id":"https:\/\/ngmotorteknik.com\/fi\/palvelut\/#breadcrumb","itemListElement":[{"@type":"ListItem","position":1,"name":"Hem","item":"https:\/\/ngmotorteknik.com\/fi\/"},{"@type":"ListItem","position":2,"name":"Palvelut"}]},{"@type":"WebSite","@id":"https:\/\/ngmotorteknik.com\/fi\/#website","url":"https:\/\/ngmotorteknik.com\/fi\/","name":"NG Motorteknik","description":"","publisher":{"@id":"https:\/\/ngmotorteknik.com\/fi\/#organization"},"potentialAction":[{"@type":"SearchAction","target":{"@type":"EntryPoint","urlTemplate":"https:\/\/ngmotorteknik.com\/fi\/?s={search_term_string}"},"query-input":{"@type":"PropertyValueSpecification","valueRequired":true,"valueName":"search_term_string"}}],"inLanguage":"fi"},{"@type":"Organization","@id":"https:\/\/ngmotorteknik.com\/fi\/#organization","name":"NG Motorteknik","url":"https:\/\/ngmotorteknik.com\/fi\/","logo":{"@type":"ImageObject","inLanguage":"fi","@id":"https:\/\/ngmotorteknik.com\/fi\/#\/schema\/logo\/image\/","url":"https:\/\/ngmotorteknik.com\/wp-content\/uploads\/2023\/09\/ngmotorteknik-icon.png","contentUrl":"https:\/\/ngmotorteknik.com\/wp-content\/uploads\/2023\/09\/ngmotorteknik-icon.png","width":512,"height":512,"caption":"NG Motorteknik"},"image":{"@id":"https:\/\/ngmotorteknik.com\/fi\/#\/schema\/logo\/image\/"},"sameAs":["https:\/\/www.facebook.com\/profile.php?id=100057239568179"]}]}},"_links":{"self":[{"href":"https:\/\/ngmotorteknik.com\/fi\/wp-json\/wp\/v2\/pages\/6628","targetHints":{"allow":["GET"]}}],"collection":[{"href":"https:\/\/ngmotorteknik.com\/fi\/wp-json\/wp\/v2\/pages"}],"about":[{"href":"https:\/\/ngmotorteknik.com\/fi\/wp-json\/wp\/v2\/types\/page"}],"author":[{"embeddable":true,"href":"https:\/\/ngmotorteknik.com\/fi\/wp-json\/wp\/v2\/users\/1"}],"replies":[{"embeddable":true,"href":"https:\/\/ngmotorteknik.com\/fi\/wp-json\/wp\/v2\/comments?post=6628"}],"version-history":[{"count":6,"href":"https:\/\/ngmotorteknik.com\/fi\/wp-json\/wp\/v2\/pages\/6628\/revisions"}],"predecessor-version":[{"id":6669,"href":"https:\/\/ngmotorteknik.com\/fi\/wp-json\/wp\/v2\/pages\/6628\/revisions\/6669"}],"wp:attachment":[{"href":"https:\/\/ngmotorteknik.com\/fi\/wp-json\/wp\/v2\/media?parent=6628"}],"curies":[{"name":"wp","href":"https:\/\/api.w.org\/{rel}","templated":true}]}}